{"id":886,"date":"2025-01-10T11:14:14","date_gmt":"2025-01-10T10:14:14","guid":{"rendered":"https:\/\/www.cheques-cadeaux-vendee-bocage.fr\/?page_id=886"},"modified":"2025-12-04T11:23:58","modified_gmt":"2025-12-04T10:23:58","slug":"liste-des-sessions-de-remboursement","status":"publish","type":"page","link":"https:\/\/www.cheques-cadeaux-vendee-bocage.fr\/index.php\/liste-des-sessions-de-remboursement\/","title":{"rendered":"Liste des sessions de remboursement"},"content":{"rendered":"\n<p>Par principe les sessions de remboursement se font chaque premier mercredi de chaque mois sauf en ao\u00fbt ou il n&rsquo;y a pas de session.<\/p>\n\n\n\n<p>Voici les dates des sessions de remboursement pour 2026 :<\/p>\n\n\n\n<p>7 janvier 2026<\/p>\n\n\n\n<p>4 f\u00e9vrier 2026<\/p>\n\n\n\n<p>4 mars 2026<\/p>\n\n\n\n<p>1 avril 2026<\/p>\n\n\n\n<p>6 mai 2026<\/p>\n\n\n\n<p>3 juin 2026<\/p>\n\n\n\n<p>1 juillet 2026<\/p>\n\n\n\n<p>2 septembre 2026<\/p>\n\n\n\n<p>7 octobre 2026<\/p>\n\n\n\n<p>4 novembre 2026<\/p>\n\n\n\n<p>2 d\u00e9cembre 2026<\/p>\n\n\n\n<p>6 janvier 2027<\/p>\n\n\n\n<p><\/p>\n\n\n\n<p>Attention pour les pays de Chantonnay et La Ch\u00e2taigneraie le contr\u00f4le des Ch\u00e8ques Cadeaux Vend\u00e9e Bocage remis au remboursement sont control\u00e9s la veille de la date de session. La date de d\u00e9p\u00f4t maximum pour \u00eatre rembours\u00e9 est donc de J-1.<\/p>\n\n\n\n<p>Pour le pays de Pouzauges, les demandes de remboursement peuvent \u00eatre d\u00e9pos\u00e9es jusqu&rsquo;\u00e0 12h le jour m\u00eame.<\/p>\n\n\n\n<p>Les remboursements ne se font que par virement bancaire accompagn\u00e9 d&rsquo;un mail d&rsquo;information. Si vos coordonn\u00e9es bancaire ou mail changent, merci de bien penser \u00e0 nous le stipuler.<\/p>\n","protected":false},"excerpt":{"rendered":"<p>Par principe les sessions de remboursement se font chaque premier mercredi de chaque mois sauf en ao\u00fbt ou il n&rsquo;y a pas de session. Voici les dates des sessions de remboursement pour 2026 : 7 janvier 2026 4 f\u00e9vrier 2026 4 mars 2026 1 avril 2026 6 mai 2026 3 juin 2026 1 juillet 2026 [&hellip;]<\/p>\n","protected":false},"author":1,"featured_media":0,"parent":0,"menu_order":0,"comment_status":"closed","ping_status":"closed","template":"","meta":{"_themeisle_gutenberg_block_has_review":false,"footnotes":""},"class_list":["post-886","page","type-page","status-publish","hentry"],"yoast_head":"<!-- This site is optimized with the Yoast SEO plugin v21.5 - https:\/\/yoast.com\/wordpress\/plugins\/seo\/ -->\n<title>Liste des sessions de remboursement - Ch\u00e8ques Cadeaux Vend\u00e9e Bocage<\/title>\n<meta name=\"robots\" content=\"index, follow, max-snippet:-1, max-image-preview:large, max-video-preview:-1\" \/>\n<link rel=\"canonical\" href=\"https:\/\/www.cheques-cadeaux-vendee-bocage.fr\/index.php\/liste-des-sessions-de-remboursement\/\" \/>\n<meta property=\"og:locale\" content=\"fr_FR\" \/>\n<meta property=\"og:type\" content=\"article\" \/>\n<meta property=\"og:title\" content=\"Liste des sessions de remboursement - Ch\u00e8ques Cadeaux Vend\u00e9e Bocage\" \/>\n<meta property=\"og:description\" content=\"Par principe les sessions de remboursement se font chaque premier mercredi de chaque mois sauf en ao\u00fbt ou il n&rsquo;y a pas de session. Voici les dates des sessions de remboursement pour 2026 : 7 janvier 2026 4 f\u00e9vrier 2026 4 mars 2026 1 avril 2026 6 mai 2026 3 juin 2026 1 juillet 2026 [&hellip;]\" \/>\n<meta property=\"og:url\" content=\"https:\/\/www.cheques-cadeaux-vendee-bocage.fr\/index.php\/liste-des-sessions-de-remboursement\/\" \/>\n<meta property=\"og:site_name\" content=\"Ch\u00e8ques Cadeaux Vend\u00e9e Bocage\" \/>\n<meta property=\"article:modified_time\" content=\"2025-12-04T10:23:58+00:00\" \/>\n<meta name=\"twitter:card\" content=\"summary_large_image\" \/>\n<meta name=\"twitter:label1\" content=\"Dur\u00e9e de lecture estim\u00e9e\" \/>\n\t<meta name=\"twitter:data1\" content=\"1 minute\" \/>\n<script type=\"application\/ld+json\" class=\"yoast-schema-graph\">{\"@context\":\"https:\/\/schema.org\",\"@graph\":[{\"@type\":\"WebPage\",\"@id\":\"https:\/\/www.cheques-cadeaux-vendee-bocage.fr\/index.php\/liste-des-sessions-de-remboursement\/\",\"url\":\"https:\/\/www.cheques-cadeaux-vendee-bocage.fr\/index.php\/liste-des-sessions-de-remboursement\/\",\"name\":\"Liste des sessions de remboursement - Ch\u00e8ques Cadeaux Vend\u00e9e Bocage\",\"isPartOf\":{\"@id\":\"https:\/\/www.cheques-cadeaux-vendee-bocage.fr\/#website\"},\"datePublished\":\"2025-01-10T10:14:14+00:00\",\"dateModified\":\"2025-12-04T10:23:58+00:00\",\"breadcrumb\":{\"@id\":\"https:\/\/www.cheques-cadeaux-vendee-bocage.fr\/index.php\/liste-des-sessions-de-remboursement\/#breadcrumb\"},\"inLanguage\":\"fr-FR\",\"potentialAction\":[{\"@type\":\"ReadAction\",\"target\":[\"https:\/\/www.cheques-cadeaux-vendee-bocage.fr\/index.php\/liste-des-sessions-de-remboursement\/\"]}]},{\"@type\":\"BreadcrumbList\",\"@id\":\"https:\/\/www.cheques-cadeaux-vendee-bocage.fr\/index.php\/liste-des-sessions-de-remboursement\/#breadcrumb\",\"itemListElement\":[{\"@type\":\"ListItem\",\"position\":1,\"name\":\"Accueil\",\"item\":\"https:\/\/www.cheques-cadeaux-vendee-bocage.fr\/\"},{\"@type\":\"ListItem\",\"position\":2,\"name\":\"Liste des sessions de remboursement\"}]},{\"@type\":\"WebSite\",\"@id\":\"https:\/\/www.cheques-cadeaux-vendee-bocage.fr\/#website\",\"url\":\"https:\/\/www.cheques-cadeaux-vendee-bocage.fr\/\",\"name\":\"Ch\u00e8ques Cadeaux Vend\u00e9e Bocage\",\"description\":\"100% Local et Lien Social...\",\"potentialAction\":[{\"@type\":\"SearchAction\",\"target\":{\"@type\":\"EntryPoint\",\"urlTemplate\":\"https:\/\/www.cheques-cadeaux-vendee-bocage.fr\/?s={search_term_string}\"},\"query-input\":\"required name=search_term_string\"}],\"inLanguage\":\"fr-FR\"}]}<\/script>\n<!-- \/ Yoast SEO plugin. -->","yoast_head_json":{"title":"Liste des sessions de remboursement - Ch\u00e8ques Cadeaux Vend\u00e9e Bocage","robots":{"index":"index","follow":"follow","max-snippet":"max-snippet:-1","max-image-preview":"max-image-preview:large","max-video-preview":"max-video-preview:-1"},"canonical":"https:\/\/www.cheques-cadeaux-vendee-bocage.fr\/index.php\/liste-des-sessions-de-remboursement\/","og_locale":"fr_FR","og_type":"article","og_title":"Liste des sessions de remboursement - Ch\u00e8ques Cadeaux Vend\u00e9e Bocage","og_description":"Par principe les sessions de remboursement se font chaque premier mercredi de chaque mois sauf en ao\u00fbt ou il n&rsquo;y a pas de session. Voici les dates des sessions de remboursement pour 2026 : 7 janvier 2026 4 f\u00e9vrier 2026 4 mars 2026 1 avril 2026 6 mai 2026 3 juin 2026 1 juillet 2026 [&hellip;]","og_url":"https:\/\/www.cheques-cadeaux-vendee-bocage.fr\/index.php\/liste-des-sessions-de-remboursement\/","og_site_name":"Ch\u00e8ques Cadeaux Vend\u00e9e Bocage","article_modified_time":"2025-12-04T10:23:58+00:00","twitter_card":"summary_large_image","twitter_misc":{"Dur\u00e9e de lecture estim\u00e9e":"1 minute"},"schema":{"@context":"https:\/\/schema.org","@graph":[{"@type":"WebPage","@id":"https:\/\/www.cheques-cadeaux-vendee-bocage.fr\/index.php\/liste-des-sessions-de-remboursement\/","url":"https:\/\/www.cheques-cadeaux-vendee-bocage.fr\/index.php\/liste-des-sessions-de-remboursement\/","name":"Liste des sessions de remboursement - Ch\u00e8ques Cadeaux Vend\u00e9e Bocage","isPartOf":{"@id":"https:\/\/www.cheques-cadeaux-vendee-bocage.fr\/#website"},"datePublished":"2025-01-10T10:14:14+00:00","dateModified":"2025-12-04T10:23:58+00:00","breadcrumb":{"@id":"https:\/\/www.cheques-cadeaux-vendee-bocage.fr\/index.php\/liste-des-sessions-de-remboursement\/#breadcrumb"},"inLanguage":"fr-FR","potentialAction":[{"@type":"ReadAction","target":["https:\/\/www.cheques-cadeaux-vendee-bocage.fr\/index.php\/liste-des-sessions-de-remboursement\/"]}]},{"@type":"BreadcrumbList","@id":"https:\/\/www.cheques-cadeaux-vendee-bocage.fr\/index.php\/liste-des-sessions-de-remboursement\/#breadcrumb","itemListElement":[{"@type":"ListItem","position":1,"name":"Accueil","item":"https:\/\/www.cheques-cadeaux-vendee-bocage.fr\/"},{"@type":"ListItem","position":2,"name":"Liste des sessions de remboursement"}]},{"@type":"WebSite","@id":"https:\/\/www.cheques-cadeaux-vendee-bocage.fr\/#website","url":"https:\/\/www.cheques-cadeaux-vendee-bocage.fr\/","name":"Ch\u00e8ques Cadeaux Vend\u00e9e Bocage","description":"100% Local et Lien Social...","potentialAction":[{"@type":"SearchAction","target":{"@type":"EntryPoint","urlTemplate":"https:\/\/www.cheques-cadeaux-vendee-bocage.fr\/?s={search_term_string}"},"query-input":"required name=search_term_string"}],"inLanguage":"fr-FR"}]}},"_links":{"self":[{"href":"https:\/\/www.cheques-cadeaux-vendee-bocage.fr\/index.php\/wp-json\/wp\/v2\/pages\/886","targetHints":{"allow":["GET"]}}],"collection":[{"href":"https:\/\/www.cheques-cadeaux-vendee-bocage.fr\/index.php\/wp-json\/wp\/v2\/pages"}],"about":[{"href":"https:\/\/www.cheques-cadeaux-vendee-bocage.fr\/index.php\/wp-json\/wp\/v2\/types\/page"}],"author":[{"embeddable":true,"href":"https:\/\/www.cheques-cadeaux-vendee-bocage.fr\/index.php\/wp-json\/wp\/v2\/users\/1"}],"replies":[{"embeddable":true,"href":"https:\/\/www.cheques-cadeaux-vendee-bocage.fr\/index.php\/wp-json\/wp\/v2\/comments?post=886"}],"version-history":[{"count":2,"href":"https:\/\/www.cheques-cadeaux-vendee-bocage.fr\/index.php\/wp-json\/wp\/v2\/pages\/886\/revisions"}],"predecessor-version":[{"id":1000,"href":"https:\/\/www.cheques-cadeaux-vendee-bocage.fr\/index.php\/wp-json\/wp\/v2\/pages\/886\/revisions\/1000"}],"wp:attachment":[{"href":"https:\/\/www.cheques-cadeaux-vendee-bocage.fr\/index.php\/wp-json\/wp\/v2\/media?parent=886"}],"curies":[{"name":"wp","href":"https:\/\/api.w.org\/{rel}","templated":true}]}}