{"id":720,"date":"2023-12-04T10:18:30","date_gmt":"2023-12-04T09:18:30","guid":{"rendered":"https:\/\/www.cheques-cadeaux-vendee-bocage.fr\/?page_id=720"},"modified":"2023-12-04T10:58:09","modified_gmt":"2023-12-04T09:58:09","slug":"liste-produits","status":"publish","type":"page","link":"https:\/\/www.cheques-cadeaux-vendee-bocage.fr\/index.php\/liste-produits\/","title":{"rendered":"Liste des produits&#8230;"},"content":{"rendered":"\n<h2 class=\"wp-block-heading\">LISTE DES PRODUITS POUVANT \u00caTRE ACHET\u00c9S AVEC DES CH\u00c8QUES CADEAUX&#8230;<\/h2>\n\n\n\n<p class=\"has-text-align-center\">&#8212;&#8212;<\/p>\n\n\n\n<figure class=\"wp-block-table alignwide\"><table><tbody><tr><td><strong>CAF\u00c9 \u2013 BAR &#8211; CAF\u00c9T\u00c9RIA :<\/strong><br>Planches de charcuterie et sandwichs<\/td><td><strong>BOULANGERIE :<\/strong><br>G\u00e2teaux et pains sp\u00e9ciaux<\/td><\/tr><tr><td><strong>VENTE DE VETEMENTS :<\/strong><br>Tous type de v\u00eatements et produits habillant<\/td><td><strong>BOUTIQUE CADEAUX :<\/strong><br>Tous types de produits<br><\/td><\/tr><tr><td><strong>CHAUSSURES :<\/strong><br>Tous types de chaussures et produits chaussant<\/td><td><strong>CHOCOLATS DE NOEL :<\/strong><br>Tous types de chocolats<\/td><\/tr><tr><td><strong>ART DE LA TABLE :<\/strong><br>Tous les produits rentrant dans cette cat\u00e9gorie<\/td><td><strong>LOCATION DE MATERIELS FESTIFS :<\/strong><br>Tous types de mat\u00e9riel<\/td><\/tr><tr><td><strong>JOUETS :<\/strong><br>Toutes cat\u00e9gories de jouets<\/td><td><strong>PHARMACIE :<\/strong><br>Toute la parapharmacie<\/td><\/tr><tr><td><strong>ELECTROMENAGER &amp; HI-FI :<\/strong><br>Tous produits rentrant dans ces cat\u00e9gories<\/td><td><strong>BIJOUTERIE :<\/strong><br>Tous produits de bijouterie<\/td><\/tr><tr><td><strong>OPTIQUE :<\/strong><br>Tous les produits autres que les verres correcteurs<\/td><td><strong>LIBRAIRIE :<\/strong><br>Les livres de type Roman, Histoire et D\u00e9couverte de R\u00e9gions<\/td><\/tr><tr><td><strong>FLEURISTES JARDINERIE :<\/strong><br>Tous les produits<\/td><td><strong>MOTOCULTURE et CYCLES :<\/strong><br>Achat de cycles et engins<\/td><\/tr><tr><td><strong>GARAGISTES :<\/strong><br>Tous les accessoires non d\u2019origine sur les v\u00e9hicules. Achats v\u00e9hicule.<\/td><td><strong>BOUCHERIE CHARCUTERIE TRAITEUR :<\/strong><br>Tous les produits frais transform\u00e9s en laboratoire et pr\u00eats \u00e0 \u00eatre mang\u00e9s<\/td><\/tr><tr><td><strong>RESTAURANTS :<\/strong><br>Toutes ventes de restauration<\/td><td><strong>DEPANNAGE INFORMATIQUE :<\/strong><br>Tous services y compris la vente de mat\u00e9riel<\/td><\/tr><tr><td><strong>DECORATION :<\/strong><br>Tous les produits \u00e0 destination de la d\u00e9coration<\/td><td><strong>SALLE DE SPORTS :<\/strong><br>Tout abonnement<\/td><\/tr><tr><td><strong>ALCOOL ET SPIRITUEUX :<\/strong><br>Tous les produits rentrant dans cette gamme<\/td><td><strong>OFFICE DE TOURISME :<\/strong><br>Produits locaux, s\u00e9jours et manifestations&nbsp;<\/td><\/tr><tr><td><strong>EPICERIE FINE et PRODUITS LOCAUX :<\/strong><br>Tous les produits rentrant dans ces d\u00e9finitions<\/td><td><strong>SOPHROLOGIE et REFLEXOLOGIE :<\/strong><br>Tous services.<\/td><\/tr><tr><td><strong>COIFFEURS :<\/strong><br>Tous les produits autres que la coupe de base<\/td><td><strong>ARTISANS DU BATIMENT :<\/strong><br>D\u00e9coration&nbsp; de l\u2019habitat<\/td><\/tr><tr><td><strong>ESTHETIQUES :<\/strong><br>Tous les produits de soins du corps<\/td><td><strong>CULTURE ET SPORTS (cin\u00e9ma, th\u00e9\u00e2tre piscine) :<\/strong><br>Tous types de produits<\/td><\/tr><\/tbody><\/table><\/figure>\n\n\n\n<p>Texte issu du site de l&rsquo;URSSAF :<\/p>\n\n\n\n<p>\u00ab\u00a0Le bon d\u2019achat ne peut \u00eatre \u00e9changeable contre du carburant ou des produits alimentaires, \u00e0 l\u2019exception des produits alimentaires courants dits de luxe dont le caract\u00e8re festif est av\u00e9r\u00e9.\u00a0\u00bb<\/p>\n\n\n\n<p>Pour plus de renseignements vous pouvez consulter le site de l&rsquo;Urssaf en suivant le lien suivant : <a href=\"https:\/\/www.urssaf.fr\/portail\/home\/employeur\/calculer-les-cotisations\/les-elements-a-prendre-en-compte\/les-prestations-liees-aux-activi\/les-prestations-non-soumises-a-c\/lattribution-de-cadeaux-et-de-bo.html\" target=\"_blank\" rel=\"noreferrer noopener\">URSSAF<\/a><\/p>\n\n\n\n<p><strong>R\u00e9sum\u00e9<\/strong>, nous pouvons donc consid\u00e9rer que les produits <strong>TOTALEMENT INTERDITS<\/strong> pour un achat par Ch\u00e8ques Cadeaux sont les suivants : Tabac, Jeux de hasard, presse journali\u00e8re, alimentaire de base, carburants, et produits alimentaires industriels\u2026<\/p>\n\n\n\n<p class=\"has-text-align-center\">&#8212;&#8212;<\/p>\n","protected":false},"excerpt":{"rendered":"<p>LISTE DES PRODUITS POUVANT \u00caTRE ACHET\u00c9S AVEC DES CH\u00c8QUES CADEAUX&#8230; &#8212;&#8212; CAF\u00c9 \u2013 BAR &#8211; CAF\u00c9T\u00c9RIA :Planches de charcuterie et sandwichs BOULANGERIE :G\u00e2teaux et pains sp\u00e9ciaux VENTE DE VETEMENTS :Tous type de v\u00eatements et produits habillant BOUTIQUE CADEAUX :Tous types de produits CHAUSSURES :Tous types de chaussures et produits chaussant CHOCOLATS DE NOEL :Tous types [&hellip;]<\/p>\n","protected":false},"author":1,"featured_media":0,"parent":0,"menu_order":0,"comment_status":"closed","ping_status":"closed","template":"","meta":{"_themeisle_gutenberg_block_has_review":false,"footnotes":""},"class_list":["post-720","page","type-page","status-publish","hentry"],"yoast_head":"<!-- This site is optimized with the Yoast SEO plugin v21.5 - https:\/\/yoast.com\/wordpress\/plugins\/seo\/ -->\n<title>Liste des produits... - Ch\u00e8ques Cadeaux Vend\u00e9e Bocage<\/title>\n<meta name=\"robots\" content=\"index, follow, max-snippet:-1, max-image-preview:large, max-video-preview:-1\" \/>\n<link rel=\"canonical\" href=\"https:\/\/www.cheques-cadeaux-vendee-bocage.fr\/index.php\/liste-produits\/\" \/>\n<meta property=\"og:locale\" content=\"fr_FR\" \/>\n<meta property=\"og:type\" content=\"article\" \/>\n<meta property=\"og:title\" content=\"Liste des produits... - Ch\u00e8ques Cadeaux Vend\u00e9e Bocage\" \/>\n<meta property=\"og:description\" content=\"LISTE DES PRODUITS POUVANT \u00caTRE ACHET\u00c9S AVEC DES CH\u00c8QUES CADEAUX&#8230; &#8212;&#8212; CAF\u00c9 \u2013 BAR &#8211; CAF\u00c9T\u00c9RIA :Planches de charcuterie et sandwichs BOULANGERIE :G\u00e2teaux et pains sp\u00e9ciaux VENTE DE VETEMENTS :Tous type de v\u00eatements et produits habillant BOUTIQUE CADEAUX :Tous types de produits CHAUSSURES :Tous types de chaussures et produits chaussant CHOCOLATS DE NOEL :Tous types [&hellip;]\" \/>\n<meta property=\"og:url\" content=\"https:\/\/www.cheques-cadeaux-vendee-bocage.fr\/index.php\/liste-produits\/\" \/>\n<meta property=\"og:site_name\" content=\"Ch\u00e8ques Cadeaux Vend\u00e9e Bocage\" \/>\n<meta property=\"article:modified_time\" content=\"2023-12-04T09:58:09+00:00\" \/>\n<meta name=\"twitter:card\" content=\"summary_large_image\" \/>\n<meta name=\"twitter:label1\" content=\"Dur\u00e9e de lecture estim\u00e9e\" \/>\n\t<meta name=\"twitter:data1\" content=\"2 minutes\" \/>\n<script type=\"application\/ld+json\" class=\"yoast-schema-graph\">{\"@context\":\"https:\/\/schema.org\",\"@graph\":[{\"@type\":\"WebPage\",\"@id\":\"https:\/\/www.cheques-cadeaux-vendee-bocage.fr\/index.php\/liste-produits\/\",\"url\":\"https:\/\/www.cheques-cadeaux-vendee-bocage.fr\/index.php\/liste-produits\/\",\"name\":\"Liste des produits... - Ch\u00e8ques Cadeaux Vend\u00e9e Bocage\",\"isPartOf\":{\"@id\":\"https:\/\/www.cheques-cadeaux-vendee-bocage.fr\/#website\"},\"datePublished\":\"2023-12-04T09:18:30+00:00\",\"dateModified\":\"2023-12-04T09:58:09+00:00\",\"breadcrumb\":{\"@id\":\"https:\/\/www.cheques-cadeaux-vendee-bocage.fr\/index.php\/liste-produits\/#breadcrumb\"},\"inLanguage\":\"fr-FR\",\"potentialAction\":[{\"@type\":\"ReadAction\",\"target\":[\"https:\/\/www.cheques-cadeaux-vendee-bocage.fr\/index.php\/liste-produits\/\"]}]},{\"@type\":\"BreadcrumbList\",\"@id\":\"https:\/\/www.cheques-cadeaux-vendee-bocage.fr\/index.php\/liste-produits\/#breadcrumb\",\"itemListElement\":[{\"@type\":\"ListItem\",\"position\":1,\"name\":\"Accueil\",\"item\":\"https:\/\/www.cheques-cadeaux-vendee-bocage.fr\/\"},{\"@type\":\"ListItem\",\"position\":2,\"name\":\"Liste des produits&#8230;\"}]},{\"@type\":\"WebSite\",\"@id\":\"https:\/\/www.cheques-cadeaux-vendee-bocage.fr\/#website\",\"url\":\"https:\/\/www.cheques-cadeaux-vendee-bocage.fr\/\",\"name\":\"Ch\u00e8ques Cadeaux Vend\u00e9e Bocage\",\"description\":\"100% Local et Lien Social...\",\"potentialAction\":[{\"@type\":\"SearchAction\",\"target\":{\"@type\":\"EntryPoint\",\"urlTemplate\":\"https:\/\/www.cheques-cadeaux-vendee-bocage.fr\/?s={search_term_string}\"},\"query-input\":\"required name=search_term_string\"}],\"inLanguage\":\"fr-FR\"}]}<\/script>\n<!-- \/ Yoast SEO plugin. -->","yoast_head_json":{"title":"Liste des produits... - Ch\u00e8ques Cadeaux Vend\u00e9e Bocage","robots":{"index":"index","follow":"follow","max-snippet":"max-snippet:-1","max-image-preview":"max-image-preview:large","max-video-preview":"max-video-preview:-1"},"canonical":"https:\/\/www.cheques-cadeaux-vendee-bocage.fr\/index.php\/liste-produits\/","og_locale":"fr_FR","og_type":"article","og_title":"Liste des produits... - Ch\u00e8ques Cadeaux Vend\u00e9e Bocage","og_description":"LISTE DES PRODUITS POUVANT \u00caTRE ACHET\u00c9S AVEC DES CH\u00c8QUES CADEAUX&#8230; &#8212;&#8212; CAF\u00c9 \u2013 BAR &#8211; CAF\u00c9T\u00c9RIA :Planches de charcuterie et sandwichs BOULANGERIE :G\u00e2teaux et pains sp\u00e9ciaux VENTE DE VETEMENTS :Tous type de v\u00eatements et produits habillant BOUTIQUE CADEAUX :Tous types de produits CHAUSSURES :Tous types de chaussures et produits chaussant CHOCOLATS DE NOEL :Tous types [&hellip;]","og_url":"https:\/\/www.cheques-cadeaux-vendee-bocage.fr\/index.php\/liste-produits\/","og_site_name":"Ch\u00e8ques Cadeaux Vend\u00e9e Bocage","article_modified_time":"2023-12-04T09:58:09+00:00","twitter_card":"summary_large_image","twitter_misc":{"Dur\u00e9e de lecture estim\u00e9e":"2 minutes"},"schema":{"@context":"https:\/\/schema.org","@graph":[{"@type":"WebPage","@id":"https:\/\/www.cheques-cadeaux-vendee-bocage.fr\/index.php\/liste-produits\/","url":"https:\/\/www.cheques-cadeaux-vendee-bocage.fr\/index.php\/liste-produits\/","name":"Liste des produits... - Ch\u00e8ques Cadeaux Vend\u00e9e Bocage","isPartOf":{"@id":"https:\/\/www.cheques-cadeaux-vendee-bocage.fr\/#website"},"datePublished":"2023-12-04T09:18:30+00:00","dateModified":"2023-12-04T09:58:09+00:00","breadcrumb":{"@id":"https:\/\/www.cheques-cadeaux-vendee-bocage.fr\/index.php\/liste-produits\/#breadcrumb"},"inLanguage":"fr-FR","potentialAction":[{"@type":"ReadAction","target":["https:\/\/www.cheques-cadeaux-vendee-bocage.fr\/index.php\/liste-produits\/"]}]},{"@type":"BreadcrumbList","@id":"https:\/\/www.cheques-cadeaux-vendee-bocage.fr\/index.php\/liste-produits\/#breadcrumb","itemListElement":[{"@type":"ListItem","position":1,"name":"Accueil","item":"https:\/\/www.cheques-cadeaux-vendee-bocage.fr\/"},{"@type":"ListItem","position":2,"name":"Liste des produits&#8230;"}]},{"@type":"WebSite","@id":"https:\/\/www.cheques-cadeaux-vendee-bocage.fr\/#website","url":"https:\/\/www.cheques-cadeaux-vendee-bocage.fr\/","name":"Ch\u00e8ques Cadeaux Vend\u00e9e Bocage","description":"100% Local et Lien Social...","potentialAction":[{"@type":"SearchAction","target":{"@type":"EntryPoint","urlTemplate":"https:\/\/www.cheques-cadeaux-vendee-bocage.fr\/?s={search_term_string}"},"query-input":"required name=search_term_string"}],"inLanguage":"fr-FR"}]}},"_links":{"self":[{"href":"https:\/\/www.cheques-cadeaux-vendee-bocage.fr\/index.php\/wp-json\/wp\/v2\/pages\/720","targetHints":{"allow":["GET"]}}],"collection":[{"href":"https:\/\/www.cheques-cadeaux-vendee-bocage.fr\/index.php\/wp-json\/wp\/v2\/pages"}],"about":[{"href":"https:\/\/www.cheques-cadeaux-vendee-bocage.fr\/index.php\/wp-json\/wp\/v2\/types\/page"}],"author":[{"embeddable":true,"href":"https:\/\/www.cheques-cadeaux-vendee-bocage.fr\/index.php\/wp-json\/wp\/v2\/users\/1"}],"replies":[{"embeddable":true,"href":"https:\/\/www.cheques-cadeaux-vendee-bocage.fr\/index.php\/wp-json\/wp\/v2\/comments?post=720"}],"version-history":[{"count":6,"href":"https:\/\/www.cheques-cadeaux-vendee-bocage.fr\/index.php\/wp-json\/wp\/v2\/pages\/720\/revisions"}],"predecessor-version":[{"id":734,"href":"https:\/\/www.cheques-cadeaux-vendee-bocage.fr\/index.php\/wp-json\/wp\/v2\/pages\/720\/revisions\/734"}],"wp:attachment":[{"href":"https:\/\/www.cheques-cadeaux-vendee-bocage.fr\/index.php\/wp-json\/wp\/v2\/media?parent=720"}],"curies":[{"name":"wp","href":"https:\/\/api.w.org\/{rel}","templated":true}]}}