{"id":672,"date":"2023-11-14T15:23:34","date_gmt":"2023-11-14T14:23:34","guid":{"rendered":"https:\/\/www.cheques-cadeaux-vendee-bocage.fr\/?page_id=672"},"modified":"2024-10-16T10:52:57","modified_gmt":"2024-10-16T08:52:57","slug":"medias","status":"publish","type":"page","link":"https:\/\/www.cheques-cadeaux-vendee-bocage.fr\/index.php\/medias\/","title":{"rendered":"M\u00e9dias&#8230;"},"content":{"rendered":"\n<figure class=\"wp-block-image alignfull size-large\"><img loading=\"lazy\" decoding=\"async\" width=\"1024\" height=\"399\" src=\"https:\/\/www.cheques-cadeaux-vendee-bocage.fr\/wp-content\/uploads\/2023\/11\/TETIERE-MEDIA-3-1024x399.jpg\" alt=\"\" class=\"wp-image-701\" srcset=\"https:\/\/www.cheques-cadeaux-vendee-bocage.fr\/wp-content\/uploads\/2023\/11\/TETIERE-MEDIA-3-1024x399.jpg 1024w, https:\/\/www.cheques-cadeaux-vendee-bocage.fr\/wp-content\/uploads\/2023\/11\/TETIERE-MEDIA-3-300x117.jpg 300w, https:\/\/www.cheques-cadeaux-vendee-bocage.fr\/wp-content\/uploads\/2023\/11\/TETIERE-MEDIA-3-768x299.jpg 768w, https:\/\/www.cheques-cadeaux-vendee-bocage.fr\/wp-content\/uploads\/2023\/11\/TETIERE-MEDIA-3-1536x598.jpg 1536w, https:\/\/www.cheques-cadeaux-vendee-bocage.fr\/wp-content\/uploads\/2023\/11\/TETIERE-MEDIA-3.jpg 2000w\" sizes=\"auto, (max-width: 1024px) 100vw, 1024px\" \/><\/figure>\n\n\n\n<h2 class=\"wp-block-heading has-text-align-center\">On parle de nous&#8230;<\/h2>\n\n\n\n<p class=\"has-text-align-center\">Cliquer sur les liens pour visualiser ou \u00e9couter le M\u00e9dia.<\/p>\n\n\n\n<p class=\"has-text-align-center\">&#8212;&#8212;<\/p>\n\n\n\n<p class=\"has-text-align-center\">Octobre 2024 &#8211; Campagne sur les r\u00e9seaux sociaux<\/p>\n\n\n\n<figure class=\"wp-block-embed is-type-video is-provider-youtube wp-block-embed-youtube wp-embed-aspect-16-9 wp-has-aspect-ratio\"><div class=\"wp-block-embed__wrapper\">\n<iframe loading=\"lazy\" title=\"CCVB 2024 2\" width=\"500\" height=\"281\" src=\"https:\/\/www.youtube.com\/embed\/i-jX_8lUs6M?feature=oembed\" frameborder=\"0\" allow=\"accelerometer; autoplay; clipboard-write; encrypted-media; gyroscope; picture-in-picture; web-share\" referrerpolicy=\"strict-origin-when-cross-origin\" allowfullscreen><\/iframe>\n<\/div><\/figure>\n\n\n\n<p class=\"has-text-align-center\">&#8212;&#8212;<\/p>\n\n\n\n<p class=\"has-text-align-center\">Ouest France &#8211; 15 octobre 2024<\/p>\n\n\n\n<figure class=\"wp-block-image alignwide size-full\"><img loading=\"lazy\" decoding=\"async\" width=\"994\" height=\"781\" src=\"https:\/\/www.cheques-cadeaux-vendee-bocage.fr\/wp-content\/uploads\/2024\/10\/OUESTFRANCE-2024-10-15.png\" alt=\"\" class=\"wp-image-851\" srcset=\"https:\/\/www.cheques-cadeaux-vendee-bocage.fr\/wp-content\/uploads\/2024\/10\/OUESTFRANCE-2024-10-15.png 994w, https:\/\/www.cheques-cadeaux-vendee-bocage.fr\/wp-content\/uploads\/2024\/10\/OUESTFRANCE-2024-10-15-300x236.png 300w, https:\/\/www.cheques-cadeaux-vendee-bocage.fr\/wp-content\/uploads\/2024\/10\/OUESTFRANCE-2024-10-15-768x603.png 768w\" sizes=\"auto, (max-width: 994px) 100vw, 994px\" \/><\/figure>\n\n\n\n<p class=\"has-text-align-center\">&#8212;&#8212;<\/p>\n\n\n\n<figure class=\"wp-block-image aligncenter size-full\"><img loading=\"lazy\" decoding=\"async\" width=\"300\" height=\"151\" src=\"https:\/\/www.cheques-cadeaux-vendee-bocage.fr\/wp-content\/uploads\/2023\/11\/RCF-1.jpg\" alt=\"\" class=\"wp-image-675\"\/><\/figure>\n\n\n\n<p class=\"has-text-align-center\"><a href=\"https:\/\/www.rcf.fr\/actualite\/ils-font-lactu-en-vendee?episode=422057\" target=\"_blank\" rel=\"noreferrer noopener\">14 novembre 2023<\/a><\/p>\n\n\n\n<p class=\"has-text-align-center\">&#8212;&#8212;<\/p>\n\n\n\n<figure class=\"wp-block-image aligncenter size-full\"><img loading=\"lazy\" decoding=\"async\" width=\"300\" height=\"151\" src=\"https:\/\/www.cheques-cadeaux-vendee-bocage.fr\/wp-content\/uploads\/2023\/11\/OUEST-FRANCE.jpg\" alt=\"\" class=\"wp-image-677\"\/><\/figure>\n\n\n\n<p class=\"has-text-align-center\"><a href=\"https:\/\/www.cheques-cadeaux-vendee-bocage.fr\/wp-content\/uploads\/2023\/11\/OUEST-FRANCE-15112023-WEB-scaled.jpg\" target=\"_blank\" rel=\"noreferrer noopener\">15 Novembre 2023<\/a><\/p>\n\n\n\n<p class=\"has-text-align-center\">&#8212;&#8212;<\/p>\n\n\n\n<figure class=\"wp-block-image aligncenter size-full\"><img loading=\"lazy\" decoding=\"async\" width=\"300\" height=\"162\" src=\"https:\/\/www.cheques-cadeaux-vendee-bocage.fr\/wp-content\/uploads\/2023\/11\/LOGO-PAYS-DE-POUZAUGES.jpg\" alt=\"\" class=\"wp-image-676\"\/><\/figure>\n\n\n\n<p class=\"has-text-align-center\"><a href=\"https:\/\/www.paysdepouzauges.fr\/lancement-des-cheques-cadeaux-vendee-bocage\/\" target=\"_blank\" rel=\"noreferrer noopener\">10 novembre 2023<\/a><\/p>\n\n\n\n<p class=\"has-text-align-center\"><a href=\"https:\/\/www.cheques-cadeaux-vendee-bocage.fr\/wp-content\/uploads\/2023\/11\/NEWLETTER-ECHO-CCPP.jpg\" target=\"_blank\" rel=\"noreferrer noopener\">28 novembre 2023<\/a><\/p>\n\n\n\n<p class=\"has-text-align-center\">&#8212;&#8212;<\/p>\n\n\n\n<figure class=\"wp-block-image aligncenter size-full\"><img loading=\"lazy\" decoding=\"async\" width=\"309\" height=\"176\" src=\"https:\/\/www.cheques-cadeaux-vendee-bocage.fr\/wp-content\/uploads\/2023\/11\/TV-VENDEE.jpg\" alt=\"\" class=\"wp-image-674\" srcset=\"https:\/\/www.cheques-cadeaux-vendee-bocage.fr\/wp-content\/uploads\/2023\/11\/TV-VENDEE.jpg 309w, https:\/\/www.cheques-cadeaux-vendee-bocage.fr\/wp-content\/uploads\/2023\/11\/TV-VENDEE-300x171.jpg 300w\" sizes=\"auto, (max-width: 309px) 100vw, 309px\" \/><\/figure>\n\n\n\n<p class=\"has-text-align-center\"><a href=\"https:\/\/www.youtube.com\/watch?v=r_W2kC3WFc8&amp;t=534s\" target=\"_blank\" rel=\"noreferrer noopener\">La Matinale le 17 octobre 2023<\/a><\/p>\n\n\n\n<p class=\"has-text-align-center\"><a href=\"https:\/\/www.youtube.com\/watch?v=-KFjZVZKaL0\" target=\"_blank\" rel=\"noreferrer noopener\">14 novembre 2023<\/a><\/p>\n\n\n\n<p class=\"has-text-align-center\">&#8212;&#8212;<\/p>\n","protected":false},"excerpt":{"rendered":"<p>On parle de nous&#8230; Cliquer sur les liens pour visualiser ou \u00e9couter le M\u00e9dia. &#8212;&#8212; Octobre 2024 &#8211; Campagne sur les r\u00e9seaux sociaux &#8212;&#8212; Ouest France &#8211; 15 octobre 2024 &#8212;&#8212; 14 novembre 2023 &#8212;&#8212; 15 Novembre 2023 &#8212;&#8212; 10 novembre 2023 28 novembre 2023 &#8212;&#8212; La Matinale le 17 octobre 2023 14 novembre 2023 [&hellip;]<\/p>\n","protected":false},"author":1,"featured_media":0,"parent":0,"menu_order":0,"comment_status":"closed","ping_status":"closed","template":"","meta":{"_themeisle_gutenberg_block_has_review":false,"footnotes":""},"class_list":["post-672","page","type-page","status-publish","hentry"],"yoast_head":"<!-- This site is optimized with the Yoast SEO plugin v21.5 - https:\/\/yoast.com\/wordpress\/plugins\/seo\/ -->\n<title>M\u00e9dias... - Ch\u00e8ques Cadeaux Vend\u00e9e Bocage<\/title>\n<meta name=\"description\" content=\"On parle des Ch\u00e8ques Cadeaux Vend\u00e9e Bocage sur Ouest-France, TV Vend\u00e9e, RCF et bien d&#039;autres...\" \/>\n<meta name=\"robots\" content=\"index, follow, max-snippet:-1, max-image-preview:large, max-video-preview:-1\" \/>\n<link rel=\"canonical\" href=\"https:\/\/www.cheques-cadeaux-vendee-bocage.fr\/index.php\/medias\/\" \/>\n<meta property=\"og:locale\" content=\"fr_FR\" \/>\n<meta property=\"og:type\" content=\"article\" \/>\n<meta property=\"og:title\" content=\"M\u00e9dias... - Ch\u00e8ques Cadeaux Vend\u00e9e Bocage\" \/>\n<meta property=\"og:description\" content=\"On parle des Ch\u00e8ques Cadeaux Vend\u00e9e Bocage sur Ouest-France, TV Vend\u00e9e, RCF et bien d&#039;autres...\" \/>\n<meta property=\"og:url\" content=\"https:\/\/www.cheques-cadeaux-vendee-bocage.fr\/index.php\/medias\/\" \/>\n<meta property=\"og:site_name\" content=\"Ch\u00e8ques Cadeaux Vend\u00e9e Bocage\" \/>\n<meta property=\"article:modified_time\" content=\"2024-10-16T08:52:57+00:00\" \/>\n<meta property=\"og:image\" content=\"https:\/\/www.cheques-cadeaux-vendee-bocage.fr\/wp-content\/uploads\/2023\/11\/TETIERE-MEDIA-3-1024x399.jpg\" \/>\n<meta name=\"twitter:card\" content=\"summary_large_image\" \/>\n<meta name=\"twitter:label1\" content=\"Dur\u00e9e de lecture estim\u00e9e\" \/>\n\t<meta name=\"twitter:data1\" content=\"2 minutes\" \/>\n<script type=\"application\/ld+json\" class=\"yoast-schema-graph\">{\"@context\":\"https:\/\/schema.org\",\"@graph\":[{\"@type\":\"WebPage\",\"@id\":\"https:\/\/www.cheques-cadeaux-vendee-bocage.fr\/index.php\/medias\/\",\"url\":\"https:\/\/www.cheques-cadeaux-vendee-bocage.fr\/index.php\/medias\/\",\"name\":\"M\u00e9dias... - Ch\u00e8ques Cadeaux Vend\u00e9e Bocage\",\"isPartOf\":{\"@id\":\"https:\/\/www.cheques-cadeaux-vendee-bocage.fr\/#website\"},\"datePublished\":\"2023-11-14T14:23:34+00:00\",\"dateModified\":\"2024-10-16T08:52:57+00:00\",\"description\":\"On parle des Ch\u00e8ques Cadeaux Vend\u00e9e Bocage sur Ouest-France, TV Vend\u00e9e, RCF et bien d'autres...\",\"breadcrumb\":{\"@id\":\"https:\/\/www.cheques-cadeaux-vendee-bocage.fr\/index.php\/medias\/#breadcrumb\"},\"inLanguage\":\"fr-FR\",\"potentialAction\":[{\"@type\":\"ReadAction\",\"target\":[\"https:\/\/www.cheques-cadeaux-vendee-bocage.fr\/index.php\/medias\/\"]}]},{\"@type\":\"BreadcrumbList\",\"@id\":\"https:\/\/www.cheques-cadeaux-vendee-bocage.fr\/index.php\/medias\/#breadcrumb\",\"itemListElement\":[{\"@type\":\"ListItem\",\"position\":1,\"name\":\"Accueil\",\"item\":\"https:\/\/www.cheques-cadeaux-vendee-bocage.fr\/\"},{\"@type\":\"ListItem\",\"position\":2,\"name\":\"M\u00e9dias&#8230;\"}]},{\"@type\":\"WebSite\",\"@id\":\"https:\/\/www.cheques-cadeaux-vendee-bocage.fr\/#website\",\"url\":\"https:\/\/www.cheques-cadeaux-vendee-bocage.fr\/\",\"name\":\"Ch\u00e8ques Cadeaux Vend\u00e9e Bocage\",\"description\":\"100% Local et Lien Social...\",\"potentialAction\":[{\"@type\":\"SearchAction\",\"target\":{\"@type\":\"EntryPoint\",\"urlTemplate\":\"https:\/\/www.cheques-cadeaux-vendee-bocage.fr\/?s={search_term_string}\"},\"query-input\":\"required name=search_term_string\"}],\"inLanguage\":\"fr-FR\"}]}<\/script>\n<!-- \/ Yoast SEO plugin. -->","yoast_head_json":{"title":"M\u00e9dias... - Ch\u00e8ques Cadeaux Vend\u00e9e Bocage","description":"On parle des Ch\u00e8ques Cadeaux Vend\u00e9e Bocage sur Ouest-France, TV Vend\u00e9e, RCF et bien d'autres...","robots":{"index":"index","follow":"follow","max-snippet":"max-snippet:-1","max-image-preview":"max-image-preview:large","max-video-preview":"max-video-preview:-1"},"canonical":"https:\/\/www.cheques-cadeaux-vendee-bocage.fr\/index.php\/medias\/","og_locale":"fr_FR","og_type":"article","og_title":"M\u00e9dias... - Ch\u00e8ques Cadeaux Vend\u00e9e Bocage","og_description":"On parle des Ch\u00e8ques Cadeaux Vend\u00e9e Bocage sur Ouest-France, TV Vend\u00e9e, RCF et bien d'autres...","og_url":"https:\/\/www.cheques-cadeaux-vendee-bocage.fr\/index.php\/medias\/","og_site_name":"Ch\u00e8ques Cadeaux Vend\u00e9e Bocage","article_modified_time":"2024-10-16T08:52:57+00:00","og_image":[{"url":"https:\/\/www.cheques-cadeaux-vendee-bocage.fr\/wp-content\/uploads\/2023\/11\/TETIERE-MEDIA-3-1024x399.jpg"}],"twitter_card":"summary_large_image","twitter_misc":{"Dur\u00e9e de lecture estim\u00e9e":"2 minutes"},"schema":{"@context":"https:\/\/schema.org","@graph":[{"@type":"WebPage","@id":"https:\/\/www.cheques-cadeaux-vendee-bocage.fr\/index.php\/medias\/","url":"https:\/\/www.cheques-cadeaux-vendee-bocage.fr\/index.php\/medias\/","name":"M\u00e9dias... - Ch\u00e8ques Cadeaux Vend\u00e9e Bocage","isPartOf":{"@id":"https:\/\/www.cheques-cadeaux-vendee-bocage.fr\/#website"},"datePublished":"2023-11-14T14:23:34+00:00","dateModified":"2024-10-16T08:52:57+00:00","description":"On parle des Ch\u00e8ques Cadeaux Vend\u00e9e Bocage sur Ouest-France, TV Vend\u00e9e, RCF et bien d'autres...","breadcrumb":{"@id":"https:\/\/www.cheques-cadeaux-vendee-bocage.fr\/index.php\/medias\/#breadcrumb"},"inLanguage":"fr-FR","potentialAction":[{"@type":"ReadAction","target":["https:\/\/www.cheques-cadeaux-vendee-bocage.fr\/index.php\/medias\/"]}]},{"@type":"BreadcrumbList","@id":"https:\/\/www.cheques-cadeaux-vendee-bocage.fr\/index.php\/medias\/#breadcrumb","itemListElement":[{"@type":"ListItem","position":1,"name":"Accueil","item":"https:\/\/www.cheques-cadeaux-vendee-bocage.fr\/"},{"@type":"ListItem","position":2,"name":"M\u00e9dias&#8230;"}]},{"@type":"WebSite","@id":"https:\/\/www.cheques-cadeaux-vendee-bocage.fr\/#website","url":"https:\/\/www.cheques-cadeaux-vendee-bocage.fr\/","name":"Ch\u00e8ques Cadeaux Vend\u00e9e Bocage","description":"100% Local et Lien Social...","potentialAction":[{"@type":"SearchAction","target":{"@type":"EntryPoint","urlTemplate":"https:\/\/www.cheques-cadeaux-vendee-bocage.fr\/?s={search_term_string}"},"query-input":"required name=search_term_string"}],"inLanguage":"fr-FR"}]}},"_links":{"self":[{"href":"https:\/\/www.cheques-cadeaux-vendee-bocage.fr\/index.php\/wp-json\/wp\/v2\/pages\/672","targetHints":{"allow":["GET"]}}],"collection":[{"href":"https:\/\/www.cheques-cadeaux-vendee-bocage.fr\/index.php\/wp-json\/wp\/v2\/pages"}],"about":[{"href":"https:\/\/www.cheques-cadeaux-vendee-bocage.fr\/index.php\/wp-json\/wp\/v2\/types\/page"}],"author":[{"embeddable":true,"href":"https:\/\/www.cheques-cadeaux-vendee-bocage.fr\/index.php\/wp-json\/wp\/v2\/users\/1"}],"replies":[{"embeddable":true,"href":"https:\/\/www.cheques-cadeaux-vendee-bocage.fr\/index.php\/wp-json\/wp\/v2\/comments?post=672"}],"version-history":[{"count":22,"href":"https:\/\/www.cheques-cadeaux-vendee-bocage.fr\/index.php\/wp-json\/wp\/v2\/pages\/672\/revisions"}],"predecessor-version":[{"id":852,"href":"https:\/\/www.cheques-cadeaux-vendee-bocage.fr\/index.php\/wp-json\/wp\/v2\/pages\/672\/revisions\/852"}],"wp:attachment":[{"href":"https:\/\/www.cheques-cadeaux-vendee-bocage.fr\/index.php\/wp-json\/wp\/v2\/media?parent=672"}],"curies":[{"name":"wp","href":"https:\/\/api.w.org\/{rel}","templated":true}]}}