{"id":274,"date":"2023-10-02T21:09:46","date_gmt":"2023-10-02T19:09:46","guid":{"rendered":"https:\/\/cheques-cadeaux-vendee-bocage.fr\/?page_id=274"},"modified":"2025-10-20T18:38:31","modified_gmt":"2025-10-20T16:38:31","slug":"achetants-chantonnay","status":"publish","type":"page","link":"https:\/\/www.cheques-cadeaux-vendee-bocage.fr\/index.php\/achetants-chantonnay\/","title":{"rendered":"Achetants Chantonnay"},"content":{"rendered":"\n<figure class=\"wp-block-image alignfull size-full\"><img loading=\"lazy\" decoding=\"async\" width=\"1500\" height=\"454\" src=\"https:\/\/cheques-cadeaux-vendee-bocage.fr\/wp-content\/uploads\/2023\/10\/TETIERE-CHANTONNAY-ACHETANTS-1.jpg\" alt=\"\" class=\"wp-image-272\" srcset=\"https:\/\/www.cheques-cadeaux-vendee-bocage.fr\/wp-content\/uploads\/2023\/10\/TETIERE-CHANTONNAY-ACHETANTS-1.jpg 1500w, https:\/\/www.cheques-cadeaux-vendee-bocage.fr\/wp-content\/uploads\/2023\/10\/TETIERE-CHANTONNAY-ACHETANTS-1-300x91.jpg 300w, https:\/\/www.cheques-cadeaux-vendee-bocage.fr\/wp-content\/uploads\/2023\/10\/TETIERE-CHANTONNAY-ACHETANTS-1-1024x310.jpg 1024w, https:\/\/www.cheques-cadeaux-vendee-bocage.fr\/wp-content\/uploads\/2023\/10\/TETIERE-CHANTONNAY-ACHETANTS-1-768x232.jpg 768w\" sizes=\"auto, (max-width: 1500px) 100vw, 1500px\" \/><\/figure>\n\n\n\n<h2 class=\"wp-block-heading has-text-align-center\">Achetants Chantonnay &#8211; Ch\u00e8ques Cadeaux Vend\u00e9e Bocage : d\u00e9couvrez tous les \u00e9l\u00e9ments graphiques et t\u00e9l\u00e9chargeables pour Chantonnay.<\/h2>\n\n\n\n<p class=\"has-text-align-center\">&#8212;&#8212;<\/p>\n\n\n\n<figure class=\"wp-block-image aligncenter size-large\"><img loading=\"lazy\" decoding=\"async\" width=\"1024\" height=\"563\" src=\"https:\/\/www.cheques-cadeaux-vendee-bocage.fr\/wp-content\/uploads\/2024\/10\/2025-CHANTONNAY-CHEQUE-RECTO-1024x563.jpg\" alt=\"\" class=\"wp-image-807\" srcset=\"https:\/\/www.cheques-cadeaux-vendee-bocage.fr\/wp-content\/uploads\/2024\/10\/2025-CHANTONNAY-CHEQUE-RECTO-1024x563.jpg 1024w, https:\/\/www.cheques-cadeaux-vendee-bocage.fr\/wp-content\/uploads\/2024\/10\/2025-CHANTONNAY-CHEQUE-RECTO-300x165.jpg 300w, https:\/\/www.cheques-cadeaux-vendee-bocage.fr\/wp-content\/uploads\/2024\/10\/2025-CHANTONNAY-CHEQUE-RECTO-768x422.jpg 768w, https:\/\/www.cheques-cadeaux-vendee-bocage.fr\/wp-content\/uploads\/2024\/10\/2025-CHANTONNAY-CHEQUE-RECTO.jpg 1100w\" sizes=\"auto, (max-width: 1024px) 100vw, 1024px\" \/><\/figure>\n\n\n\n<figure class=\"wp-block-image aligncenter size-large\"><img loading=\"lazy\" decoding=\"async\" width=\"1024\" height=\"579\" src=\"https:\/\/www.cheques-cadeaux-vendee-bocage.fr\/wp-content\/uploads\/2025\/10\/CHANTONNAY-VERSO-2025-dd-1024x579.jpg\" alt=\"\" class=\"wp-image-985\" srcset=\"https:\/\/www.cheques-cadeaux-vendee-bocage.fr\/wp-content\/uploads\/2025\/10\/CHANTONNAY-VERSO-2025-dd-1024x579.jpg 1024w, https:\/\/www.cheques-cadeaux-vendee-bocage.fr\/wp-content\/uploads\/2025\/10\/CHANTONNAY-VERSO-2025-dd-300x169.jpg 300w, https:\/\/www.cheques-cadeaux-vendee-bocage.fr\/wp-content\/uploads\/2025\/10\/CHANTONNAY-VERSO-2025-dd-768x434.jpg 768w, https:\/\/www.cheques-cadeaux-vendee-bocage.fr\/wp-content\/uploads\/2025\/10\/CHANTONNAY-VERSO-2025-dd.jpg 1131w\" sizes=\"auto, (max-width: 1024px) 100vw, 1024px\" \/><\/figure>\n\n\n\n<figure class=\"wp-block-image aligncenter size-full is-resized\"><img loading=\"lazy\" decoding=\"async\" width=\"640\" height=\"908\" src=\"https:\/\/www.cheques-cadeaux-vendee-bocage.fr\/wp-content\/uploads\/2025\/10\/VISUELS-ACHETANT-CHANTONNAY-1.jpg\" alt=\"\" class=\"wp-image-929\" style=\"width:640px\" srcset=\"https:\/\/www.cheques-cadeaux-vendee-bocage.fr\/wp-content\/uploads\/2025\/10\/VISUELS-ACHETANT-CHANTONNAY-1.jpg 640w, https:\/\/www.cheques-cadeaux-vendee-bocage.fr\/wp-content\/uploads\/2025\/10\/VISUELS-ACHETANT-CHANTONNAY-1-211x300.jpg 211w\" sizes=\"auto, (max-width: 640px) 100vw, 640px\" \/><\/figure>\n\n\n\n<figure class=\"wp-block-image aligncenter size-full\"><img loading=\"lazy\" decoding=\"async\" width=\"640\" height=\"908\" src=\"https:\/\/www.cheques-cadeaux-vendee-bocage.fr\/wp-content\/uploads\/2025\/10\/VISUELS-ACHETANT-CHANTONNAY-2.jpg\" alt=\"\" class=\"wp-image-931\" srcset=\"https:\/\/www.cheques-cadeaux-vendee-bocage.fr\/wp-content\/uploads\/2025\/10\/VISUELS-ACHETANT-CHANTONNAY-2.jpg 640w, https:\/\/www.cheques-cadeaux-vendee-bocage.fr\/wp-content\/uploads\/2025\/10\/VISUELS-ACHETANT-CHANTONNAY-2-211x300.jpg 211w\" sizes=\"auto, (max-width: 640px) 100vw, 640px\" \/><\/figure>\n\n\n\n<figure class=\"wp-block-image aligncenter size-full\"><img loading=\"lazy\" decoding=\"async\" width=\"640\" height=\"908\" src=\"https:\/\/www.cheques-cadeaux-vendee-bocage.fr\/wp-content\/uploads\/2025\/10\/VISUELS-ACHETANT-CHANTONNAY-3.jpg\" alt=\"\" class=\"wp-image-932\" srcset=\"https:\/\/www.cheques-cadeaux-vendee-bocage.fr\/wp-content\/uploads\/2025\/10\/VISUELS-ACHETANT-CHANTONNAY-3.jpg 640w, https:\/\/www.cheques-cadeaux-vendee-bocage.fr\/wp-content\/uploads\/2025\/10\/VISUELS-ACHETANT-CHANTONNAY-3-211x300.jpg 211w\" sizes=\"auto, (max-width: 640px) 100vw, 640px\" \/><\/figure>\n\n\n\n<figure class=\"wp-block-image aligncenter size-full is-resized\"><img loading=\"lazy\" decoding=\"async\" width=\"640\" height=\"908\" src=\"https:\/\/www.cheques-cadeaux-vendee-bocage.fr\/wp-content\/uploads\/2025\/10\/VISUELS-ACHETANT-CHANTONNAY-4.jpg\" alt=\"\" class=\"wp-image-933\" style=\"width:640px\" srcset=\"https:\/\/www.cheques-cadeaux-vendee-bocage.fr\/wp-content\/uploads\/2025\/10\/VISUELS-ACHETANT-CHANTONNAY-4.jpg 640w, https:\/\/www.cheques-cadeaux-vendee-bocage.fr\/wp-content\/uploads\/2025\/10\/VISUELS-ACHETANT-CHANTONNAY-4-211x300.jpg 211w\" sizes=\"auto, (max-width: 640px) 100vw, 640px\" \/><\/figure>\n\n\n\n<p class=\"has-text-align-center\">LIENS DE T\u00c9L\u00c9CHARGEMENT :<\/p>\n\n\n\n<p class=\"has-text-align-center\">&#8212;&#8212;<\/p>\n\n\n\n<p class=\"has-text-align-center\"><a href=\"https:\/\/www.cheques-cadeaux-vendee-bocage.fr\/wp-content\/uploads\/2025\/10\/DEPLIANT-ACHETANT-CHANTONNAY-A5-2025.pdf\" target=\"_blank\" rel=\"noreferrer noopener\">D\u00c9PLIANT 4 PAGES<\/a><\/p>\n\n\n\n<p class=\"has-text-align-center\"><a href=\"http:\/\/cheques-cadeaux-vendee-bocage.fr\/wp-content\/uploads\/2023\/10\/BON-DE-COMMANDE-CHANTONNAY-1.pdf\" target=\"_blank\" rel=\"noreferrer noopener\">BON DE COMMANDE<\/a><\/p>\n\n\n\n<p class=\"has-text-align-center\">Les BONS DE COMMANDE sont \u00e0 faire parvenir par courrier \u00e0 : CH\u00c8QUES CADEAUX VENDEE BOCAGE &#8211; Communaut\u00e9 de Communes du Pays de Chantonnay &#8211; 65 Avenue du G\u00e9n\u00e9ral De Gaulle &#8211; BP 98 &#8211; 85111 CHANTONNAY Cedex ou \u00e0 remettre \u00e0 l&rsquo;accueil de la Communaut\u00e9 de Communes.<\/p>\n\n\n\n<p class=\"has-text-align-center\"><a href=\"http:\/\/cheques-cadeaux-vendee-bocage.fr\/wp-content\/uploads\/2023\/10\/CGV-CHANTONNAY-1.pdf\" target=\"_blank\" rel=\"noreferrer noopener\">CONDITIONS G\u00c9N\u00c9RALES DE VENTE<\/a><\/p>\n\n\n\n<p class=\"has-text-align-center\"><a href=\"http:\/\/cheques-cadeaux-vendee-bocage.fr\/wp-content\/uploads\/2023\/10\/NOTES-CHANTONNAY.pdf\" target=\"_blank\" rel=\"noreferrer noopener\">NOTES IMPORTANTES SUR LA DISTRIBUTION<\/a><\/p>\n\n\n\n<p class=\"has-text-align-center\">&#8212;&#8212;<\/p>\n\n\n\n<p class=\"has-text-align-center\">ATTENTION : Les documents t\u00e9l\u00e9chargeables ci-dessus sont la propri\u00e9t\u00e9 de l&rsquo;association Ch\u00e8ques Cadeaux Vend\u00e9e Bocage. Il ne peuvent \u00eatre reproduit sans autorisation de la part de l&rsquo;association. Toutes les ENTREPRISES des 3 pays (Chantonnay, La Ch\u00e2taigneraie et Pouzauges) peuvent acheter des Ch\u00e8ques Cadeaux Vend\u00e9e Bocage pour leurs salari\u00e9s. Pour plus d&rsquo;information merci de contacter le r\u00e9f\u00e9rent local par l&rsquo;interm\u00e9diaire du mail ci-dessous.<\/p>\n\n\n\n<p class=\"has-text-align-center\">&#8212;&#8212;<\/p>\n\n\n\n<p class=\"has-text-align-center\">Contact mail : chantonnay@cheques-cadeaux-vendee-bocage.fr<\/p>\n","protected":false},"excerpt":{"rendered":"<p>Achetants Chantonnay &#8211; Ch\u00e8ques Cadeaux Vend\u00e9e Bocage : d\u00e9couvrez tous les \u00e9l\u00e9ments graphiques et t\u00e9l\u00e9chargeables pour Chantonnay. &#8212;&#8212; LIENS DE T\u00c9L\u00c9CHARGEMENT : &#8212;&#8212; D\u00c9PLIANT 4 PAGES BON DE COMMANDE Les BONS DE COMMANDE sont \u00e0 faire parvenir par courrier \u00e0 : CH\u00c8QUES CADEAUX VENDEE BOCAGE &#8211; Communaut\u00e9 de Communes du Pays de Chantonnay &#8211; 65 [&hellip;]<\/p>\n","protected":false},"author":1,"featured_media":0,"parent":0,"menu_order":0,"comment_status":"closed","ping_status":"closed","template":"","meta":{"_themeisle_gutenberg_block_has_review":false,"footnotes":""},"class_list":["post-274","page","type-page","status-publish","hentry"],"yoast_head":"<!-- This site is optimized with the Yoast SEO plugin v21.5 - https:\/\/yoast.com\/wordpress\/plugins\/seo\/ -->\n<title>Achetants Chantonnay - Ch\u00e8ques Cadeaux Vend\u00e9e Bocage<\/title>\n<meta name=\"description\" content=\"Achetants Chantonnay - Ch\u00e8ques Cadeaux Vend\u00e9e Bocage : d\u00e9couvrez tous les \u00e9l\u00e9ments graphiques et t\u00e9l\u00e9chargeables pour Chantonnay.\" \/>\n<meta name=\"robots\" content=\"index, follow, max-snippet:-1, max-image-preview:large, max-video-preview:-1\" \/>\n<link rel=\"canonical\" href=\"https:\/\/www.cheques-cadeaux-vendee-bocage.fr\/index.php\/achetants-chantonnay\/\" \/>\n<meta property=\"og:locale\" content=\"fr_FR\" \/>\n<meta property=\"og:type\" content=\"article\" \/>\n<meta property=\"og:title\" content=\"Achetants Chantonnay - Ch\u00e8ques Cadeaux Vend\u00e9e Bocage\" \/>\n<meta property=\"og:description\" content=\"Achetants Chantonnay - Ch\u00e8ques Cadeaux Vend\u00e9e Bocage : d\u00e9couvrez tous les \u00e9l\u00e9ments graphiques et t\u00e9l\u00e9chargeables pour Chantonnay.\" \/>\n<meta property=\"og:url\" content=\"https:\/\/www.cheques-cadeaux-vendee-bocage.fr\/index.php\/achetants-chantonnay\/\" \/>\n<meta property=\"og:site_name\" content=\"Ch\u00e8ques Cadeaux Vend\u00e9e Bocage\" \/>\n<meta property=\"article:modified_time\" content=\"2025-10-20T16:38:31+00:00\" \/>\n<meta property=\"og:image\" content=\"https:\/\/cheques-cadeaux-vendee-bocage.fr\/wp-content\/uploads\/2023\/10\/TETIERE-CHANTONNAY-ACHETANTS-1.jpg\" \/>\n<meta name=\"twitter:card\" content=\"summary_large_image\" \/>\n<meta name=\"twitter:label1\" content=\"Dur\u00e9e de lecture estim\u00e9e\" \/>\n\t<meta name=\"twitter:data1\" content=\"3 minutes\" \/>\n<script type=\"application\/ld+json\" class=\"yoast-schema-graph\">{\"@context\":\"https:\/\/schema.org\",\"@graph\":[{\"@type\":\"WebPage\",\"@id\":\"https:\/\/www.cheques-cadeaux-vendee-bocage.fr\/index.php\/achetants-chantonnay\/\",\"url\":\"https:\/\/www.cheques-cadeaux-vendee-bocage.fr\/index.php\/achetants-chantonnay\/\",\"name\":\"Achetants Chantonnay - Ch\u00e8ques Cadeaux Vend\u00e9e Bocage\",\"isPartOf\":{\"@id\":\"https:\/\/www.cheques-cadeaux-vendee-bocage.fr\/#website\"},\"datePublished\":\"2023-10-02T19:09:46+00:00\",\"dateModified\":\"2025-10-20T16:38:31+00:00\",\"description\":\"Achetants Chantonnay - Ch\u00e8ques Cadeaux Vend\u00e9e Bocage : d\u00e9couvrez tous les \u00e9l\u00e9ments graphiques et t\u00e9l\u00e9chargeables pour Chantonnay.\",\"breadcrumb\":{\"@id\":\"https:\/\/www.cheques-cadeaux-vendee-bocage.fr\/index.php\/achetants-chantonnay\/#breadcrumb\"},\"inLanguage\":\"fr-FR\",\"potentialAction\":[{\"@type\":\"ReadAction\",\"target\":[\"https:\/\/www.cheques-cadeaux-vendee-bocage.fr\/index.php\/achetants-chantonnay\/\"]}]},{\"@type\":\"BreadcrumbList\",\"@id\":\"https:\/\/www.cheques-cadeaux-vendee-bocage.fr\/index.php\/achetants-chantonnay\/#breadcrumb\",\"itemListElement\":[{\"@type\":\"ListItem\",\"position\":1,\"name\":\"Accueil\",\"item\":\"https:\/\/www.cheques-cadeaux-vendee-bocage.fr\/\"},{\"@type\":\"ListItem\",\"position\":2,\"name\":\"Achetants Chantonnay\"}]},{\"@type\":\"WebSite\",\"@id\":\"https:\/\/www.cheques-cadeaux-vendee-bocage.fr\/#website\",\"url\":\"https:\/\/www.cheques-cadeaux-vendee-bocage.fr\/\",\"name\":\"Ch\u00e8ques Cadeaux Vend\u00e9e Bocage\",\"description\":\"100% Local et Lien Social...\",\"potentialAction\":[{\"@type\":\"SearchAction\",\"target\":{\"@type\":\"EntryPoint\",\"urlTemplate\":\"https:\/\/www.cheques-cadeaux-vendee-bocage.fr\/?s={search_term_string}\"},\"query-input\":\"required name=search_term_string\"}],\"inLanguage\":\"fr-FR\"}]}<\/script>\n<!-- \/ Yoast SEO plugin. -->","yoast_head_json":{"title":"Achetants Chantonnay - Ch\u00e8ques Cadeaux Vend\u00e9e Bocage","description":"Achetants Chantonnay - Ch\u00e8ques Cadeaux Vend\u00e9e Bocage : d\u00e9couvrez tous les \u00e9l\u00e9ments graphiques et t\u00e9l\u00e9chargeables pour Chantonnay.","robots":{"index":"index","follow":"follow","max-snippet":"max-snippet:-1","max-image-preview":"max-image-preview:large","max-video-preview":"max-video-preview:-1"},"canonical":"https:\/\/www.cheques-cadeaux-vendee-bocage.fr\/index.php\/achetants-chantonnay\/","og_locale":"fr_FR","og_type":"article","og_title":"Achetants Chantonnay - Ch\u00e8ques Cadeaux Vend\u00e9e Bocage","og_description":"Achetants Chantonnay - Ch\u00e8ques Cadeaux Vend\u00e9e Bocage : d\u00e9couvrez tous les \u00e9l\u00e9ments graphiques et t\u00e9l\u00e9chargeables pour Chantonnay.","og_url":"https:\/\/www.cheques-cadeaux-vendee-bocage.fr\/index.php\/achetants-chantonnay\/","og_site_name":"Ch\u00e8ques Cadeaux Vend\u00e9e Bocage","article_modified_time":"2025-10-20T16:38:31+00:00","og_image":[{"url":"https:\/\/cheques-cadeaux-vendee-bocage.fr\/wp-content\/uploads\/2023\/10\/TETIERE-CHANTONNAY-ACHETANTS-1.jpg"}],"twitter_card":"summary_large_image","twitter_misc":{"Dur\u00e9e de lecture estim\u00e9e":"3 minutes"},"schema":{"@context":"https:\/\/schema.org","@graph":[{"@type":"WebPage","@id":"https:\/\/www.cheques-cadeaux-vendee-bocage.fr\/index.php\/achetants-chantonnay\/","url":"https:\/\/www.cheques-cadeaux-vendee-bocage.fr\/index.php\/achetants-chantonnay\/","name":"Achetants Chantonnay - Ch\u00e8ques Cadeaux Vend\u00e9e Bocage","isPartOf":{"@id":"https:\/\/www.cheques-cadeaux-vendee-bocage.fr\/#website"},"datePublished":"2023-10-02T19:09:46+00:00","dateModified":"2025-10-20T16:38:31+00:00","description":"Achetants Chantonnay - Ch\u00e8ques Cadeaux Vend\u00e9e Bocage : d\u00e9couvrez tous les \u00e9l\u00e9ments graphiques et t\u00e9l\u00e9chargeables pour Chantonnay.","breadcrumb":{"@id":"https:\/\/www.cheques-cadeaux-vendee-bocage.fr\/index.php\/achetants-chantonnay\/#breadcrumb"},"inLanguage":"fr-FR","potentialAction":[{"@type":"ReadAction","target":["https:\/\/www.cheques-cadeaux-vendee-bocage.fr\/index.php\/achetants-chantonnay\/"]}]},{"@type":"BreadcrumbList","@id":"https:\/\/www.cheques-cadeaux-vendee-bocage.fr\/index.php\/achetants-chantonnay\/#breadcrumb","itemListElement":[{"@type":"ListItem","position":1,"name":"Accueil","item":"https:\/\/www.cheques-cadeaux-vendee-bocage.fr\/"},{"@type":"ListItem","position":2,"name":"Achetants Chantonnay"}]},{"@type":"WebSite","@id":"https:\/\/www.cheques-cadeaux-vendee-bocage.fr\/#website","url":"https:\/\/www.cheques-cadeaux-vendee-bocage.fr\/","name":"Ch\u00e8ques Cadeaux Vend\u00e9e Bocage","description":"100% Local et Lien Social...","potentialAction":[{"@type":"SearchAction","target":{"@type":"EntryPoint","urlTemplate":"https:\/\/www.cheques-cadeaux-vendee-bocage.fr\/?s={search_term_string}"},"query-input":"required name=search_term_string"}],"inLanguage":"fr-FR"}]}},"_links":{"self":[{"href":"https:\/\/www.cheques-cadeaux-vendee-bocage.fr\/index.php\/wp-json\/wp\/v2\/pages\/274","targetHints":{"allow":["GET"]}}],"collection":[{"href":"https:\/\/www.cheques-cadeaux-vendee-bocage.fr\/index.php\/wp-json\/wp\/v2\/pages"}],"about":[{"href":"https:\/\/www.cheques-cadeaux-vendee-bocage.fr\/index.php\/wp-json\/wp\/v2\/types\/page"}],"author":[{"embeddable":true,"href":"https:\/\/www.cheques-cadeaux-vendee-bocage.fr\/index.php\/wp-json\/wp\/v2\/users\/1"}],"replies":[{"embeddable":true,"href":"https:\/\/www.cheques-cadeaux-vendee-bocage.fr\/index.php\/wp-json\/wp\/v2\/comments?post=274"}],"version-history":[{"count":30,"href":"https:\/\/www.cheques-cadeaux-vendee-bocage.fr\/index.php\/wp-json\/wp\/v2\/pages\/274\/revisions"}],"predecessor-version":[{"id":986,"href":"https:\/\/www.cheques-cadeaux-vendee-bocage.fr\/index.php\/wp-json\/wp\/v2\/pages\/274\/revisions\/986"}],"wp:attachment":[{"href":"https:\/\/www.cheques-cadeaux-vendee-bocage.fr\/index.php\/wp-json\/wp\/v2\/media?parent=274"}],"curies":[{"name":"wp","href":"https:\/\/api.w.org\/{rel}","templated":true}]}}