{"id":223,"date":"2023-10-02T19:34:31","date_gmt":"2023-10-02T17:34:31","guid":{"rendered":"https:\/\/cheques-cadeaux-vendee-bocage.fr\/?page_id=223"},"modified":"2025-10-20T18:10:12","modified_gmt":"2025-10-20T16:10:12","slug":"acceptant-pouzauges","status":"publish","type":"page","link":"https:\/\/www.cheques-cadeaux-vendee-bocage.fr\/index.php\/acceptant-pouzauges\/","title":{"rendered":"Acceptants Pouzauges"},"content":{"rendered":"\n<figure class=\"wp-block-image alignfull size-full\"><img loading=\"lazy\" decoding=\"async\" width=\"1500\" height=\"454\" src=\"https:\/\/cheques-cadeaux-vendee-bocage.fr\/wp-content\/uploads\/2023\/10\/TETIERE-POUZAUGES-ACCEPTANT-1.jpg\" alt=\"\" class=\"wp-image-261\" srcset=\"https:\/\/www.cheques-cadeaux-vendee-bocage.fr\/wp-content\/uploads\/2023\/10\/TETIERE-POUZAUGES-ACCEPTANT-1.jpg 1500w, https:\/\/www.cheques-cadeaux-vendee-bocage.fr\/wp-content\/uploads\/2023\/10\/TETIERE-POUZAUGES-ACCEPTANT-1-300x91.jpg 300w, https:\/\/www.cheques-cadeaux-vendee-bocage.fr\/wp-content\/uploads\/2023\/10\/TETIERE-POUZAUGES-ACCEPTANT-1-1024x310.jpg 1024w, https:\/\/www.cheques-cadeaux-vendee-bocage.fr\/wp-content\/uploads\/2023\/10\/TETIERE-POUZAUGES-ACCEPTANT-1-768x232.jpg 768w\" sizes=\"auto, (max-width: 1500px) 100vw, 1500px\" \/><\/figure>\n\n\n\n<h2 class=\"wp-block-heading has-text-align-center\">Acceptants Pouzauges &#8211; Ch\u00e8ques Cadeaux Vend\u00e9e Bocage : d\u00e9couvrez tous les \u00e9l\u00e9ments graphiques et t\u00e9l\u00e9chargeables pour Pouzauges.<\/h2>\n\n\n\n<p class=\"has-text-align-center\">&#8212;&#8212;<\/p>\n\n\n\n<figure class=\"wp-block-image aligncenter size-large\"><img loading=\"lazy\" decoding=\"async\" width=\"1024\" height=\"571\" src=\"https:\/\/www.cheques-cadeaux-vendee-bocage.fr\/wp-content\/uploads\/2024\/10\/2025-POUZAUGES-CHEQUE-RECTO-1024x571.jpg\" alt=\"\" class=\"wp-image-809\" srcset=\"https:\/\/www.cheques-cadeaux-vendee-bocage.fr\/wp-content\/uploads\/2024\/10\/2025-POUZAUGES-CHEQUE-RECTO-1024x571.jpg 1024w, https:\/\/www.cheques-cadeaux-vendee-bocage.fr\/wp-content\/uploads\/2024\/10\/2025-POUZAUGES-CHEQUE-RECTO-300x167.jpg 300w, https:\/\/www.cheques-cadeaux-vendee-bocage.fr\/wp-content\/uploads\/2024\/10\/2025-POUZAUGES-CHEQUE-RECTO-768x428.jpg 768w, https:\/\/www.cheques-cadeaux-vendee-bocage.fr\/wp-content\/uploads\/2024\/10\/2025-POUZAUGES-CHEQUE-RECTO.jpg 1100w\" sizes=\"auto, (max-width: 1024px) 100vw, 1024px\" \/><\/figure>\n\n\n\n<figure class=\"wp-block-image aligncenter size-large\"><img loading=\"lazy\" decoding=\"async\" width=\"1024\" height=\"575\" src=\"http:\/\/cheques-cadeaux-vendee-bocage.fr\/wp-content\/uploads\/2023\/10\/POUZAUGES-VERSO-2023-1024x575.png\" alt=\"\" class=\"wp-image-597\" srcset=\"https:\/\/www.cheques-cadeaux-vendee-bocage.fr\/wp-content\/uploads\/2023\/10\/POUZAUGES-VERSO-2023-1024x575.png 1024w, https:\/\/www.cheques-cadeaux-vendee-bocage.fr\/wp-content\/uploads\/2023\/10\/POUZAUGES-VERSO-2023-300x169.png 300w, https:\/\/www.cheques-cadeaux-vendee-bocage.fr\/wp-content\/uploads\/2023\/10\/POUZAUGES-VERSO-2023-768x431.png 768w, https:\/\/www.cheques-cadeaux-vendee-bocage.fr\/wp-content\/uploads\/2023\/10\/POUZAUGES-VERSO-2023.png 1127w\" sizes=\"auto, (max-width: 1024px) 100vw, 1024px\" \/><\/figure>\n\n\n\n<figure class=\"wp-block-image aligncenter size-full\"><img loading=\"lazy\" decoding=\"async\" width=\"640\" height=\"908\" src=\"https:\/\/www.cheques-cadeaux-vendee-bocage.fr\/wp-content\/uploads\/2025\/10\/VISUELS-ACCEPTANT-POUZAUGES-1.jpg\" alt=\"\" class=\"wp-image-972\" srcset=\"https:\/\/www.cheques-cadeaux-vendee-bocage.fr\/wp-content\/uploads\/2025\/10\/VISUELS-ACCEPTANT-POUZAUGES-1.jpg 640w, https:\/\/www.cheques-cadeaux-vendee-bocage.fr\/wp-content\/uploads\/2025\/10\/VISUELS-ACCEPTANT-POUZAUGES-1-211x300.jpg 211w\" sizes=\"auto, (max-width: 640px) 100vw, 640px\" \/><\/figure>\n\n\n\n<figure class=\"wp-block-image aligncenter size-full\"><img loading=\"lazy\" decoding=\"async\" width=\"640\" height=\"908\" src=\"https:\/\/www.cheques-cadeaux-vendee-bocage.fr\/wp-content\/uploads\/2025\/10\/VISUELS-ACCEPTANT-POUZAUGES-2.jpg\" alt=\"\" class=\"wp-image-973\" srcset=\"https:\/\/www.cheques-cadeaux-vendee-bocage.fr\/wp-content\/uploads\/2025\/10\/VISUELS-ACCEPTANT-POUZAUGES-2.jpg 640w, https:\/\/www.cheques-cadeaux-vendee-bocage.fr\/wp-content\/uploads\/2025\/10\/VISUELS-ACCEPTANT-POUZAUGES-2-211x300.jpg 211w\" sizes=\"auto, (max-width: 640px) 100vw, 640px\" \/><\/figure>\n\n\n\n<figure class=\"wp-block-image aligncenter size-full\"><img loading=\"lazy\" decoding=\"async\" width=\"640\" height=\"908\" src=\"https:\/\/www.cheques-cadeaux-vendee-bocage.fr\/wp-content\/uploads\/2025\/10\/VISUELS-ACCEPTANT-POUZAUGES-3.jpg\" alt=\"\" class=\"wp-image-974\" srcset=\"https:\/\/www.cheques-cadeaux-vendee-bocage.fr\/wp-content\/uploads\/2025\/10\/VISUELS-ACCEPTANT-POUZAUGES-3.jpg 640w, https:\/\/www.cheques-cadeaux-vendee-bocage.fr\/wp-content\/uploads\/2025\/10\/VISUELS-ACCEPTANT-POUZAUGES-3-211x300.jpg 211w\" sizes=\"auto, (max-width: 640px) 100vw, 640px\" \/><\/figure>\n\n\n\n<figure class=\"wp-block-image aligncenter size-full\"><img loading=\"lazy\" decoding=\"async\" width=\"640\" height=\"908\" src=\"https:\/\/www.cheques-cadeaux-vendee-bocage.fr\/wp-content\/uploads\/2025\/10\/VISUELS-ACCEPTANT-POUZAUGES-4.jpg\" alt=\"\" class=\"wp-image-975\" srcset=\"https:\/\/www.cheques-cadeaux-vendee-bocage.fr\/wp-content\/uploads\/2025\/10\/VISUELS-ACCEPTANT-POUZAUGES-4.jpg 640w, https:\/\/www.cheques-cadeaux-vendee-bocage.fr\/wp-content\/uploads\/2025\/10\/VISUELS-ACCEPTANT-POUZAUGES-4-211x300.jpg 211w\" sizes=\"auto, (max-width: 640px) 100vw, 640px\" \/><\/figure>\n\n\n\n<p class=\"has-text-align-center\">&#8212;&#8212;<\/p>\n\n\n\n<p class=\"has-text-align-center\"><a href=\"https:\/\/www.cheques-cadeaux-vendee-bocage.fr\/wp-content\/uploads\/2025\/10\/DEPLIANT-ACCEPTANT-POUZAUGES-A5-2025.pdf\" target=\"_blank\" rel=\"noreferrer noopener\">D\u00c9PLIANT 4 PAGES<\/a><\/p>\n\n\n\n<p class=\"has-text-align-center\"><a href=\"http:\/\/cheques-cadeaux-vendee-bocage.fr\/wp-content\/uploads\/2023\/10\/BON-ADHESION-POUZAUGES.pdf\" target=\"_blank\" rel=\"noreferrer noopener\">BORDEREAU D&rsquo; ADH\u00c9SION<\/a><\/p>\n\n\n\n<p class=\"has-text-align-center\">Les BONS D&rsquo;ADHESION sont \u00e0 faire parvenir par courrier \u00e0 : CH\u00c8QUES CADEAUX VENDEE BOCAGE &#8211; Communaut\u00e9 de Communes du Pays de Pouzauges &#8211; La Fourni\u00e8re &#8211; 85700 POUZAUGES ou \u00e0 remettre \u00e0 l&rsquo;accueil de la Communaut\u00e9 de Communes.<\/p>\n\n\n\n<p class=\"has-text-align-center\"><a href=\"http:\/\/cheques-cadeaux-vendee-bocage.fr\/wp-content\/uploads\/2023\/10\/CGU-POUZAUGES.pdf\" target=\"_blank\" rel=\"noreferrer noopener\">CONDITIONS G\u00c9N\u00c9RALES D&rsquo; UTILISATION<\/a><\/p>\n\n\n\n<p class=\"has-text-align-center\"><a href=\"http:\/\/cheques-cadeaux-vendee-bocage.fr\/wp-content\/uploads\/2023\/10\/EXPLICATIONS-POUZAUGES.pdf\" target=\"_blank\" rel=\"noreferrer noopener\">EXPLICATIONS REMBOURSEMENT<\/a><\/p>\n\n\n\n<p class=\"has-text-align-center\"><a href=\"http:\/\/cheques-cadeaux-vendee-bocage.fr\/wp-content\/uploads\/2023\/10\/REGLEMENT-INTERIEUR-POUZAUGES.pdf\" target=\"_blank\" rel=\"noreferrer noopener\">R\u00c8GLEMENT INT\u00c9RIEUR<\/a><\/p>\n\n\n\n<p class=\"has-text-align-center\"><a href=\"http:\/\/cheques-cadeaux-vendee-bocage.fr\/wp-content\/uploads\/2023\/10\/FICHE-REMBOURSEMENT-POUZAUGES.pdf\" target=\"_blank\" rel=\"noreferrer noopener\">FICHE DE DEMANDE DE REMBOURSEMENT<\/a><\/p>\n\n\n\n<p class=\"has-text-align-center\"><a href=\"http:\/\/cheques-cadeaux-vendee-bocage.fr\/wp-content\/uploads\/2023\/10\/VALIDITE-POUZAUGES.pdf\" target=\"_blank\" rel=\"noreferrer noopener\">COMMENT RECONNAITRE LA VALIDIT\u00c9<\/a><\/p>\n\n\n\n<p class=\"has-text-align-center\"><a href=\"http:\/\/cheques-cadeaux-vendee-bocage.fr\/wp-content\/uploads\/2023\/10\/STICKER-COMMUN-102023.pdf\" target=\"_blank\" rel=\"noreferrer noopener\">STICKER VITRINE<\/a><\/p>\n\n\n\n<p class=\"has-text-align-center\">&#8212;&#8212;<\/p>\n\n\n\n<p class=\"has-text-align-center\">ATTENTION : Les documents t\u00e9l\u00e9chargeables ci-dessus sont la propri\u00e9t\u00e9 de l&rsquo;association Ch\u00e8ques Cadeaux Vend\u00e9e Bocage. Il ne peuvent \u00eatre reproduit sans autorisation de la part de l&rsquo;association. Tous les commer\u00e7ants et artisans des 3 pays (Chantonnay, La Ch\u00e2taigneraie et Pouzauges) peuvent adh\u00e9rer au dispositif. Toutefois leur adh\u00e9sion et soumise \u00e0 l&rsquo;acceptation du bureau de l&rsquo;association Ch\u00e8ques Cadeaux Vend\u00e9e Bocage. Pour plus d&rsquo;information merci de contacter le r\u00e9f\u00e9rent local par l&rsquo;interm\u00e9diaire du mail ci-dessous.<\/p>\n\n\n\n<p class=\"has-text-align-center\">&#8212;&#8212;<\/p>\n\n\n\n<p class=\"has-text-align-center\">Contact mail : pouzauges@cheques-cadeaux-vendee-bocage.fr<\/p>\n","protected":false},"excerpt":{"rendered":"<p>Acceptants Pouzauges &#8211; Ch\u00e8ques Cadeaux Vend\u00e9e Bocage : d\u00e9couvrez tous les \u00e9l\u00e9ments graphiques et t\u00e9l\u00e9chargeables pour Pouzauges. &#8212;&#8212; &#8212;&#8212; D\u00c9PLIANT 4 PAGES BORDEREAU D&rsquo; ADH\u00c9SION Les BONS D&rsquo;ADHESION sont \u00e0 faire parvenir par courrier \u00e0 : CH\u00c8QUES CADEAUX VENDEE BOCAGE &#8211; Communaut\u00e9 de Communes du Pays de Pouzauges &#8211; La Fourni\u00e8re &#8211; 85700 POUZAUGES ou [&hellip;]<\/p>\n","protected":false},"author":1,"featured_media":0,"parent":0,"menu_order":0,"comment_status":"closed","ping_status":"closed","template":"","meta":{"_themeisle_gutenberg_block_has_review":false,"footnotes":""},"class_list":["post-223","page","type-page","status-publish","hentry"],"yoast_head":"<!-- This site is optimized with the Yoast SEO plugin v21.5 - https:\/\/yoast.com\/wordpress\/plugins\/seo\/ -->\n<title>Acceptants Pouzauges - Ch\u00e8ques Cadeaux Vend\u00e9e Bocage<\/title>\n<meta name=\"description\" content=\"Acceptants Pouzauges - Ch\u00e8ques Cadeaux Vend\u00e9e Bocage : d\u00e9couvrez tous les \u00e9l\u00e9ments graphiques et t\u00e9l\u00e9chargeables pour Pouzauges.\" \/>\n<meta name=\"robots\" content=\"index, follow, max-snippet:-1, max-image-preview:large, max-video-preview:-1\" \/>\n<link rel=\"canonical\" href=\"https:\/\/www.cheques-cadeaux-vendee-bocage.fr\/index.php\/acceptant-pouzauges\/\" \/>\n<meta property=\"og:locale\" content=\"fr_FR\" \/>\n<meta property=\"og:type\" content=\"article\" \/>\n<meta property=\"og:title\" content=\"Acceptants Pouzauges - Ch\u00e8ques Cadeaux Vend\u00e9e Bocage\" \/>\n<meta property=\"og:description\" content=\"Acceptants Pouzauges - Ch\u00e8ques Cadeaux Vend\u00e9e Bocage : d\u00e9couvrez tous les \u00e9l\u00e9ments graphiques et t\u00e9l\u00e9chargeables pour Pouzauges.\" \/>\n<meta property=\"og:url\" content=\"https:\/\/www.cheques-cadeaux-vendee-bocage.fr\/index.php\/acceptant-pouzauges\/\" \/>\n<meta property=\"og:site_name\" content=\"Ch\u00e8ques Cadeaux Vend\u00e9e Bocage\" \/>\n<meta property=\"article:modified_time\" content=\"2025-10-20T16:10:12+00:00\" \/>\n<meta property=\"og:image\" content=\"https:\/\/cheques-cadeaux-vendee-bocage.fr\/wp-content\/uploads\/2023\/10\/TETIERE-POUZAUGES-ACCEPTANT-1.jpg\" \/>\n<meta name=\"twitter:card\" content=\"summary_large_image\" \/>\n<meta name=\"twitter:label1\" content=\"Dur\u00e9e de lecture estim\u00e9e\" \/>\n\t<meta name=\"twitter:data1\" content=\"3 minutes\" \/>\n<script type=\"application\/ld+json\" class=\"yoast-schema-graph\">{\"@context\":\"https:\/\/schema.org\",\"@graph\":[{\"@type\":\"WebPage\",\"@id\":\"https:\/\/www.cheques-cadeaux-vendee-bocage.fr\/index.php\/acceptant-pouzauges\/\",\"url\":\"https:\/\/www.cheques-cadeaux-vendee-bocage.fr\/index.php\/acceptant-pouzauges\/\",\"name\":\"Acceptants Pouzauges - Ch\u00e8ques Cadeaux Vend\u00e9e Bocage\",\"isPartOf\":{\"@id\":\"https:\/\/www.cheques-cadeaux-vendee-bocage.fr\/#website\"},\"datePublished\":\"2023-10-02T17:34:31+00:00\",\"dateModified\":\"2025-10-20T16:10:12+00:00\",\"description\":\"Acceptants Pouzauges - Ch\u00e8ques Cadeaux Vend\u00e9e Bocage : d\u00e9couvrez tous les \u00e9l\u00e9ments graphiques et t\u00e9l\u00e9chargeables pour Pouzauges.\",\"breadcrumb\":{\"@id\":\"https:\/\/www.cheques-cadeaux-vendee-bocage.fr\/index.php\/acceptant-pouzauges\/#breadcrumb\"},\"inLanguage\":\"fr-FR\",\"potentialAction\":[{\"@type\":\"ReadAction\",\"target\":[\"https:\/\/www.cheques-cadeaux-vendee-bocage.fr\/index.php\/acceptant-pouzauges\/\"]}]},{\"@type\":\"BreadcrumbList\",\"@id\":\"https:\/\/www.cheques-cadeaux-vendee-bocage.fr\/index.php\/acceptant-pouzauges\/#breadcrumb\",\"itemListElement\":[{\"@type\":\"ListItem\",\"position\":1,\"name\":\"Accueil\",\"item\":\"https:\/\/www.cheques-cadeaux-vendee-bocage.fr\/\"},{\"@type\":\"ListItem\",\"position\":2,\"name\":\"Acceptants Pouzauges\"}]},{\"@type\":\"WebSite\",\"@id\":\"https:\/\/www.cheques-cadeaux-vendee-bocage.fr\/#website\",\"url\":\"https:\/\/www.cheques-cadeaux-vendee-bocage.fr\/\",\"name\":\"Ch\u00e8ques Cadeaux Vend\u00e9e Bocage\",\"description\":\"100% Local et Lien Social...\",\"potentialAction\":[{\"@type\":\"SearchAction\",\"target\":{\"@type\":\"EntryPoint\",\"urlTemplate\":\"https:\/\/www.cheques-cadeaux-vendee-bocage.fr\/?s={search_term_string}\"},\"query-input\":\"required name=search_term_string\"}],\"inLanguage\":\"fr-FR\"}]}<\/script>\n<!-- \/ Yoast SEO plugin. -->","yoast_head_json":{"title":"Acceptants Pouzauges - Ch\u00e8ques Cadeaux Vend\u00e9e Bocage","description":"Acceptants Pouzauges - Ch\u00e8ques Cadeaux Vend\u00e9e Bocage : d\u00e9couvrez tous les \u00e9l\u00e9ments graphiques et t\u00e9l\u00e9chargeables pour Pouzauges.","robots":{"index":"index","follow":"follow","max-snippet":"max-snippet:-1","max-image-preview":"max-image-preview:large","max-video-preview":"max-video-preview:-1"},"canonical":"https:\/\/www.cheques-cadeaux-vendee-bocage.fr\/index.php\/acceptant-pouzauges\/","og_locale":"fr_FR","og_type":"article","og_title":"Acceptants Pouzauges - Ch\u00e8ques Cadeaux Vend\u00e9e Bocage","og_description":"Acceptants Pouzauges - Ch\u00e8ques Cadeaux Vend\u00e9e Bocage : d\u00e9couvrez tous les \u00e9l\u00e9ments graphiques et t\u00e9l\u00e9chargeables pour Pouzauges.","og_url":"https:\/\/www.cheques-cadeaux-vendee-bocage.fr\/index.php\/acceptant-pouzauges\/","og_site_name":"Ch\u00e8ques Cadeaux Vend\u00e9e Bocage","article_modified_time":"2025-10-20T16:10:12+00:00","og_image":[{"url":"https:\/\/cheques-cadeaux-vendee-bocage.fr\/wp-content\/uploads\/2023\/10\/TETIERE-POUZAUGES-ACCEPTANT-1.jpg"}],"twitter_card":"summary_large_image","twitter_misc":{"Dur\u00e9e de lecture estim\u00e9e":"3 minutes"},"schema":{"@context":"https:\/\/schema.org","@graph":[{"@type":"WebPage","@id":"https:\/\/www.cheques-cadeaux-vendee-bocage.fr\/index.php\/acceptant-pouzauges\/","url":"https:\/\/www.cheques-cadeaux-vendee-bocage.fr\/index.php\/acceptant-pouzauges\/","name":"Acceptants Pouzauges - Ch\u00e8ques Cadeaux Vend\u00e9e Bocage","isPartOf":{"@id":"https:\/\/www.cheques-cadeaux-vendee-bocage.fr\/#website"},"datePublished":"2023-10-02T17:34:31+00:00","dateModified":"2025-10-20T16:10:12+00:00","description":"Acceptants Pouzauges - Ch\u00e8ques Cadeaux Vend\u00e9e Bocage : d\u00e9couvrez tous les \u00e9l\u00e9ments graphiques et t\u00e9l\u00e9chargeables pour Pouzauges.","breadcrumb":{"@id":"https:\/\/www.cheques-cadeaux-vendee-bocage.fr\/index.php\/acceptant-pouzauges\/#breadcrumb"},"inLanguage":"fr-FR","potentialAction":[{"@type":"ReadAction","target":["https:\/\/www.cheques-cadeaux-vendee-bocage.fr\/index.php\/acceptant-pouzauges\/"]}]},{"@type":"BreadcrumbList","@id":"https:\/\/www.cheques-cadeaux-vendee-bocage.fr\/index.php\/acceptant-pouzauges\/#breadcrumb","itemListElement":[{"@type":"ListItem","position":1,"name":"Accueil","item":"https:\/\/www.cheques-cadeaux-vendee-bocage.fr\/"},{"@type":"ListItem","position":2,"name":"Acceptants Pouzauges"}]},{"@type":"WebSite","@id":"https:\/\/www.cheques-cadeaux-vendee-bocage.fr\/#website","url":"https:\/\/www.cheques-cadeaux-vendee-bocage.fr\/","name":"Ch\u00e8ques Cadeaux Vend\u00e9e Bocage","description":"100% Local et Lien Social...","potentialAction":[{"@type":"SearchAction","target":{"@type":"EntryPoint","urlTemplate":"https:\/\/www.cheques-cadeaux-vendee-bocage.fr\/?s={search_term_string}"},"query-input":"required name=search_term_string"}],"inLanguage":"fr-FR"}]}},"_links":{"self":[{"href":"https:\/\/www.cheques-cadeaux-vendee-bocage.fr\/index.php\/wp-json\/wp\/v2\/pages\/223","targetHints":{"allow":["GET"]}}],"collection":[{"href":"https:\/\/www.cheques-cadeaux-vendee-bocage.fr\/index.php\/wp-json\/wp\/v2\/pages"}],"about":[{"href":"https:\/\/www.cheques-cadeaux-vendee-bocage.fr\/index.php\/wp-json\/wp\/v2\/types\/page"}],"author":[{"embeddable":true,"href":"https:\/\/www.cheques-cadeaux-vendee-bocage.fr\/index.php\/wp-json\/wp\/v2\/users\/1"}],"replies":[{"embeddable":true,"href":"https:\/\/www.cheques-cadeaux-vendee-bocage.fr\/index.php\/wp-json\/wp\/v2\/comments?post=223"}],"version-history":[{"count":42,"href":"https:\/\/www.cheques-cadeaux-vendee-bocage.fr\/index.php\/wp-json\/wp\/v2\/pages\/223\/revisions"}],"predecessor-version":[{"id":978,"href":"https:\/\/www.cheques-cadeaux-vendee-bocage.fr\/index.php\/wp-json\/wp\/v2\/pages\/223\/revisions\/978"}],"wp:attachment":[{"href":"https:\/\/www.cheques-cadeaux-vendee-bocage.fr\/index.php\/wp-json\/wp\/v2\/media?parent=223"}],"curies":[{"name":"wp","href":"https:\/\/api.w.org\/{rel}","templated":true}]}}