{"id":197,"date":"2023-10-02T17:52:27","date_gmt":"2023-10-02T15:52:27","guid":{"rendered":"https:\/\/cheques-cadeaux-vendee-bocage.fr\/?page_id=197"},"modified":"2025-10-20T18:16:44","modified_gmt":"2025-10-20T16:16:44","slug":"achetants-la-chataigneraie","status":"publish","type":"page","link":"https:\/\/www.cheques-cadeaux-vendee-bocage.fr\/index.php\/achetants-la-chataigneraie\/","title":{"rendered":"Achetants La Ch\u00e2taigneraie"},"content":{"rendered":"\n<figure class=\"wp-block-image alignfull size-full\"><img loading=\"lazy\" decoding=\"async\" width=\"1500\" height=\"454\" src=\"https:\/\/cheques-cadeaux-vendee-bocage.fr\/wp-content\/uploads\/2023\/10\/TETIERE-CHATAIGNERAIE-ACHETANTS-1.jpg\" alt=\"\" class=\"wp-image-282\" srcset=\"https:\/\/www.cheques-cadeaux-vendee-bocage.fr\/wp-content\/uploads\/2023\/10\/TETIERE-CHATAIGNERAIE-ACHETANTS-1.jpg 1500w, https:\/\/www.cheques-cadeaux-vendee-bocage.fr\/wp-content\/uploads\/2023\/10\/TETIERE-CHATAIGNERAIE-ACHETANTS-1-300x91.jpg 300w, https:\/\/www.cheques-cadeaux-vendee-bocage.fr\/wp-content\/uploads\/2023\/10\/TETIERE-CHATAIGNERAIE-ACHETANTS-1-1024x310.jpg 1024w, https:\/\/www.cheques-cadeaux-vendee-bocage.fr\/wp-content\/uploads\/2023\/10\/TETIERE-CHATAIGNERAIE-ACHETANTS-1-768x232.jpg 768w\" sizes=\"auto, (max-width: 1500px) 100vw, 1500px\" \/><\/figure>\n\n\n\n<h2 class=\"wp-block-heading has-text-align-center\">Achetants La Ch\u00e2taigneraie &#8211; Ch\u00e8ques Cadeaux Vend\u00e9e Bocage : d\u00e9couvrez tous les \u00e9l\u00e9ments graphiques et t\u00e9l\u00e9chargeables pour La Ch\u00e2taigneraie.<\/h2>\n\n\n\n<p class=\"has-text-align-center\">&#8212;&#8212;<\/p>\n\n\n\n<figure class=\"wp-block-image aligncenter size-large\"><img loading=\"lazy\" decoding=\"async\" width=\"1024\" height=\"560\" src=\"https:\/\/www.cheques-cadeaux-vendee-bocage.fr\/wp-content\/uploads\/2024\/10\/2025-CHATAIGNERAIE-CHEQUE-RECTO-1024x560.jpg\" alt=\"\" class=\"wp-image-808\" srcset=\"https:\/\/www.cheques-cadeaux-vendee-bocage.fr\/wp-content\/uploads\/2024\/10\/2025-CHATAIGNERAIE-CHEQUE-RECTO-1024x560.jpg 1024w, https:\/\/www.cheques-cadeaux-vendee-bocage.fr\/wp-content\/uploads\/2024\/10\/2025-CHATAIGNERAIE-CHEQUE-RECTO-300x164.jpg 300w, https:\/\/www.cheques-cadeaux-vendee-bocage.fr\/wp-content\/uploads\/2024\/10\/2025-CHATAIGNERAIE-CHEQUE-RECTO-768x420.jpg 768w, https:\/\/www.cheques-cadeaux-vendee-bocage.fr\/wp-content\/uploads\/2024\/10\/2025-CHATAIGNERAIE-CHEQUE-RECTO.jpg 1100w\" sizes=\"auto, (max-width: 1024px) 100vw, 1024px\" \/><\/figure>\n\n\n\n<figure class=\"wp-block-image aligncenter size-large\"><img loading=\"lazy\" decoding=\"async\" width=\"1024\" height=\"573\" src=\"http:\/\/cheques-cadeaux-vendee-bocage.fr\/wp-content\/uploads\/2023\/10\/CHATAIGNERAIE-VERSO-2023-1024x573.png\" alt=\"\" class=\"wp-image-596\" srcset=\"https:\/\/www.cheques-cadeaux-vendee-bocage.fr\/wp-content\/uploads\/2023\/10\/CHATAIGNERAIE-VERSO-2023-1024x573.png 1024w, https:\/\/www.cheques-cadeaux-vendee-bocage.fr\/wp-content\/uploads\/2023\/10\/CHATAIGNERAIE-VERSO-2023-300x168.png 300w, https:\/\/www.cheques-cadeaux-vendee-bocage.fr\/wp-content\/uploads\/2023\/10\/CHATAIGNERAIE-VERSO-2023-768x430.png 768w, https:\/\/www.cheques-cadeaux-vendee-bocage.fr\/wp-content\/uploads\/2023\/10\/CHATAIGNERAIE-VERSO-2023.png 1127w\" sizes=\"auto, (max-width: 1024px) 100vw, 1024px\" \/><\/figure>\n\n\n\n<figure class=\"wp-block-image aligncenter size-full\"><img loading=\"lazy\" decoding=\"async\" width=\"640\" height=\"908\" src=\"https:\/\/www.cheques-cadeaux-vendee-bocage.fr\/wp-content\/uploads\/2025\/10\/VISUELS-ACHETANT-CHATAIGNERAIE-1.jpg\" alt=\"\" class=\"wp-image-937\" srcset=\"https:\/\/www.cheques-cadeaux-vendee-bocage.fr\/wp-content\/uploads\/2025\/10\/VISUELS-ACHETANT-CHATAIGNERAIE-1.jpg 640w, https:\/\/www.cheques-cadeaux-vendee-bocage.fr\/wp-content\/uploads\/2025\/10\/VISUELS-ACHETANT-CHATAIGNERAIE-1-211x300.jpg 211w\" sizes=\"auto, (max-width: 640px) 100vw, 640px\" \/><\/figure>\n\n\n\n<figure class=\"wp-block-image aligncenter size-full\"><img loading=\"lazy\" decoding=\"async\" width=\"640\" height=\"908\" src=\"https:\/\/www.cheques-cadeaux-vendee-bocage.fr\/wp-content\/uploads\/2025\/10\/VISUELS-ACHETANT-CHATAIGNERAIE-2.jpg\" alt=\"\" class=\"wp-image-938\" srcset=\"https:\/\/www.cheques-cadeaux-vendee-bocage.fr\/wp-content\/uploads\/2025\/10\/VISUELS-ACHETANT-CHATAIGNERAIE-2.jpg 640w, https:\/\/www.cheques-cadeaux-vendee-bocage.fr\/wp-content\/uploads\/2025\/10\/VISUELS-ACHETANT-CHATAIGNERAIE-2-211x300.jpg 211w\" sizes=\"auto, (max-width: 640px) 100vw, 640px\" \/><\/figure>\n\n\n\n<figure class=\"wp-block-image aligncenter size-full\"><img loading=\"lazy\" decoding=\"async\" width=\"640\" height=\"908\" src=\"https:\/\/www.cheques-cadeaux-vendee-bocage.fr\/wp-content\/uploads\/2025\/10\/VISUELS-ACHETANT-CHATAIGNERAIE-3.jpg\" alt=\"\" class=\"wp-image-939\" srcset=\"https:\/\/www.cheques-cadeaux-vendee-bocage.fr\/wp-content\/uploads\/2025\/10\/VISUELS-ACHETANT-CHATAIGNERAIE-3.jpg 640w, https:\/\/www.cheques-cadeaux-vendee-bocage.fr\/wp-content\/uploads\/2025\/10\/VISUELS-ACHETANT-CHATAIGNERAIE-3-211x300.jpg 211w\" sizes=\"auto, (max-width: 640px) 100vw, 640px\" \/><\/figure>\n\n\n\n<figure class=\"wp-block-image aligncenter size-full\"><img loading=\"lazy\" decoding=\"async\" width=\"640\" height=\"908\" src=\"https:\/\/www.cheques-cadeaux-vendee-bocage.fr\/wp-content\/uploads\/2025\/10\/VISUELS-ACHETANT-CHATAIGNERAIE-4.jpg\" alt=\"\" class=\"wp-image-940\" srcset=\"https:\/\/www.cheques-cadeaux-vendee-bocage.fr\/wp-content\/uploads\/2025\/10\/VISUELS-ACHETANT-CHATAIGNERAIE-4.jpg 640w, https:\/\/www.cheques-cadeaux-vendee-bocage.fr\/wp-content\/uploads\/2025\/10\/VISUELS-ACHETANT-CHATAIGNERAIE-4-211x300.jpg 211w\" sizes=\"auto, (max-width: 640px) 100vw, 640px\" \/><\/figure>\n\n\n\n<p class=\"has-text-align-center\">LIENS DE T\u00c9L\u00c9CHARGEMENT :<\/p>\n\n\n\n<p class=\"has-text-align-center\">&#8212;&#8211;<\/p>\n\n\n\n<p class=\"has-text-align-center\"><a href=\"https:\/\/www.cheques-cadeaux-vendee-bocage.fr\/wp-content\/uploads\/2025\/10\/DEPLIANT-ACHETANT-CHATAIGNERAIE-A5-2025.pdf\" target=\"_blank\" rel=\"noreferrer noopener\">D\u00c9PLIANT 4 PAGES<\/a><\/p>\n\n\n\n<p class=\"has-text-align-center\"><a href=\"http:\/\/cheques-cadeaux-vendee-bocage.fr\/wp-content\/uploads\/2023\/10\/BON-DE-COMMANDE-CHATAIGNERAIE-1.pdf\" target=\"_blank\" rel=\"noreferrer noopener\">BON DE COMMANDE<\/a><\/p>\n\n\n\n<p class=\"has-text-align-center\">Les BONS DE COMMANDE sont \u00e0 faire parvenir par courrier \u00e0 : CH\u00c8QUES CADEAUX VENDEE BOCAGE &#8211; Communaut\u00e9 de Communes du Pays de La Ch\u00e2taigneraie &#8211; Les Sources de la Vend\u00e9e &#8211; La Tardi\u00e8re &#8211; 85120 TERVAL ou \u00e0 remettre \u00e0 l&rsquo;accueil de la Communaut\u00e9 de Communes.<\/p>\n\n\n\n<p class=\"has-text-align-center\"><a href=\"http:\/\/cheques-cadeaux-vendee-bocage.fr\/wp-content\/uploads\/2023\/10\/CGV-CHATAIGNERAIE-1.pdf\" target=\"_blank\" rel=\"noreferrer noopener\">CONDITIONS G\u00c9N\u00c9RALES DE VENTE<\/a><\/p>\n\n\n\n<p class=\"has-text-align-center\"><a href=\"http:\/\/cheques-cadeaux-vendee-bocage.fr\/wp-content\/uploads\/2023\/10\/NOTES-CHATAIGNERAIE.pdf\" target=\"_blank\" rel=\"noreferrer noopener\">NOTES IMPORTANTES SUR LA DISTRIBUTION<\/a><\/p>\n\n\n\n<p class=\"has-text-align-center\">&#8212;&#8212;<\/p>\n\n\n\n<p class=\"has-text-align-center\">ATTENTION : Les documents t\u00e9l\u00e9chargeables ci-dessus sont la propri\u00e9t\u00e9 de l&rsquo;association Ch\u00e8ques Cadeaux Vend\u00e9e Bocage. Il ne peuvent \u00eatre reproduit sans autorisation de la part de l&rsquo;association. Toutes les ENTREPRISES des 3 pays (Chantonnay, La Ch\u00e2taigneraie et Pouzauges) peuvent acheter des Ch\u00e8ques Cadeaux Vend\u00e9e Bocage pour leurs salari\u00e9s. Pour plus d&rsquo;information merci de contacter le r\u00e9f\u00e9rent local par l&rsquo;interm\u00e9diaire du mail ci-dessous.<\/p>\n\n\n\n<p class=\"has-text-align-center\">&#8212;&#8212;<\/p>\n\n\n\n<p class=\"has-text-align-center\">Contact mail : lachataigneraie@cheques-cadeaux-vendee-bocage.fr<\/p>\n","protected":false},"excerpt":{"rendered":"<p>Achetants La Ch\u00e2taigneraie &#8211; Ch\u00e8ques Cadeaux Vend\u00e9e Bocage : d\u00e9couvrez tous les \u00e9l\u00e9ments graphiques et t\u00e9l\u00e9chargeables pour La Ch\u00e2taigneraie. &#8212;&#8212; LIENS DE T\u00c9L\u00c9CHARGEMENT : &#8212;&#8211; D\u00c9PLIANT 4 PAGES BON DE COMMANDE Les BONS DE COMMANDE sont \u00e0 faire parvenir par courrier \u00e0 : CH\u00c8QUES CADEAUX VENDEE BOCAGE &#8211; Communaut\u00e9 de Communes du Pays de La [&hellip;]<\/p>\n","protected":false},"author":1,"featured_media":0,"parent":0,"menu_order":0,"comment_status":"closed","ping_status":"closed","template":"","meta":{"_themeisle_gutenberg_block_has_review":false,"footnotes":""},"class_list":["post-197","page","type-page","status-publish","hentry"],"yoast_head":"<!-- This site is optimized with the Yoast SEO plugin v21.5 - https:\/\/yoast.com\/wordpress\/plugins\/seo\/ -->\n<title>Achetants La Ch\u00e2taigneraie - Ch\u00e8ques Cadeaux Vend\u00e9e Bocage<\/title>\n<meta name=\"description\" content=\"Achetants La Ch\u00e2taigneraie - Ch\u00e8ques Cadeaux Vend\u00e9e Bocage : d\u00e9couvrez tous les \u00e9l\u00e9ments graphiques et t\u00e9l\u00e9chargeables pour La Ch\u00e2taigneraie.\" \/>\n<meta name=\"robots\" content=\"index, follow, max-snippet:-1, max-image-preview:large, max-video-preview:-1\" \/>\n<link rel=\"canonical\" href=\"https:\/\/www.cheques-cadeaux-vendee-bocage.fr\/index.php\/achetants-la-chataigneraie\/\" \/>\n<meta property=\"og:locale\" content=\"fr_FR\" \/>\n<meta property=\"og:type\" content=\"article\" \/>\n<meta property=\"og:title\" content=\"Achetants La Ch\u00e2taigneraie - Ch\u00e8ques Cadeaux Vend\u00e9e Bocage\" \/>\n<meta property=\"og:description\" content=\"Achetants La Ch\u00e2taigneraie - Ch\u00e8ques Cadeaux Vend\u00e9e Bocage : d\u00e9couvrez tous les \u00e9l\u00e9ments graphiques et t\u00e9l\u00e9chargeables pour La Ch\u00e2taigneraie.\" \/>\n<meta property=\"og:url\" content=\"https:\/\/www.cheques-cadeaux-vendee-bocage.fr\/index.php\/achetants-la-chataigneraie\/\" \/>\n<meta property=\"og:site_name\" content=\"Ch\u00e8ques Cadeaux Vend\u00e9e Bocage\" \/>\n<meta property=\"article:modified_time\" content=\"2025-10-20T16:16:44+00:00\" \/>\n<meta property=\"og:image\" content=\"https:\/\/cheques-cadeaux-vendee-bocage.fr\/wp-content\/uploads\/2023\/10\/TETIERE-CHATAIGNERAIE-ACHETANTS-1.jpg\" \/>\n<meta name=\"twitter:card\" content=\"summary_large_image\" \/>\n<meta name=\"twitter:label1\" content=\"Dur\u00e9e de lecture estim\u00e9e\" \/>\n\t<meta name=\"twitter:data1\" content=\"3 minutes\" \/>\n<script type=\"application\/ld+json\" class=\"yoast-schema-graph\">{\"@context\":\"https:\/\/schema.org\",\"@graph\":[{\"@type\":\"WebPage\",\"@id\":\"https:\/\/www.cheques-cadeaux-vendee-bocage.fr\/index.php\/achetants-la-chataigneraie\/\",\"url\":\"https:\/\/www.cheques-cadeaux-vendee-bocage.fr\/index.php\/achetants-la-chataigneraie\/\",\"name\":\"Achetants La Ch\u00e2taigneraie - Ch\u00e8ques Cadeaux Vend\u00e9e Bocage\",\"isPartOf\":{\"@id\":\"https:\/\/www.cheques-cadeaux-vendee-bocage.fr\/#website\"},\"datePublished\":\"2023-10-02T15:52:27+00:00\",\"dateModified\":\"2025-10-20T16:16:44+00:00\",\"description\":\"Achetants La Ch\u00e2taigneraie - Ch\u00e8ques Cadeaux Vend\u00e9e Bocage : d\u00e9couvrez tous les \u00e9l\u00e9ments graphiques et t\u00e9l\u00e9chargeables pour La Ch\u00e2taigneraie.\",\"breadcrumb\":{\"@id\":\"https:\/\/www.cheques-cadeaux-vendee-bocage.fr\/index.php\/achetants-la-chataigneraie\/#breadcrumb\"},\"inLanguage\":\"fr-FR\",\"potentialAction\":[{\"@type\":\"ReadAction\",\"target\":[\"https:\/\/www.cheques-cadeaux-vendee-bocage.fr\/index.php\/achetants-la-chataigneraie\/\"]}]},{\"@type\":\"BreadcrumbList\",\"@id\":\"https:\/\/www.cheques-cadeaux-vendee-bocage.fr\/index.php\/achetants-la-chataigneraie\/#breadcrumb\",\"itemListElement\":[{\"@type\":\"ListItem\",\"position\":1,\"name\":\"Accueil\",\"item\":\"https:\/\/www.cheques-cadeaux-vendee-bocage.fr\/\"},{\"@type\":\"ListItem\",\"position\":2,\"name\":\"Achetants La Ch\u00e2taigneraie\"}]},{\"@type\":\"WebSite\",\"@id\":\"https:\/\/www.cheques-cadeaux-vendee-bocage.fr\/#website\",\"url\":\"https:\/\/www.cheques-cadeaux-vendee-bocage.fr\/\",\"name\":\"Ch\u00e8ques Cadeaux Vend\u00e9e Bocage\",\"description\":\"100% Local et Lien Social...\",\"potentialAction\":[{\"@type\":\"SearchAction\",\"target\":{\"@type\":\"EntryPoint\",\"urlTemplate\":\"https:\/\/www.cheques-cadeaux-vendee-bocage.fr\/?s={search_term_string}\"},\"query-input\":\"required name=search_term_string\"}],\"inLanguage\":\"fr-FR\"}]}<\/script>\n<!-- \/ Yoast SEO plugin. -->","yoast_head_json":{"title":"Achetants La Ch\u00e2taigneraie - Ch\u00e8ques Cadeaux Vend\u00e9e Bocage","description":"Achetants La Ch\u00e2taigneraie - Ch\u00e8ques Cadeaux Vend\u00e9e Bocage : d\u00e9couvrez tous les \u00e9l\u00e9ments graphiques et t\u00e9l\u00e9chargeables pour La Ch\u00e2taigneraie.","robots":{"index":"index","follow":"follow","max-snippet":"max-snippet:-1","max-image-preview":"max-image-preview:large","max-video-preview":"max-video-preview:-1"},"canonical":"https:\/\/www.cheques-cadeaux-vendee-bocage.fr\/index.php\/achetants-la-chataigneraie\/","og_locale":"fr_FR","og_type":"article","og_title":"Achetants La Ch\u00e2taigneraie - Ch\u00e8ques Cadeaux Vend\u00e9e Bocage","og_description":"Achetants La Ch\u00e2taigneraie - Ch\u00e8ques Cadeaux Vend\u00e9e Bocage : d\u00e9couvrez tous les \u00e9l\u00e9ments graphiques et t\u00e9l\u00e9chargeables pour La Ch\u00e2taigneraie.","og_url":"https:\/\/www.cheques-cadeaux-vendee-bocage.fr\/index.php\/achetants-la-chataigneraie\/","og_site_name":"Ch\u00e8ques Cadeaux Vend\u00e9e Bocage","article_modified_time":"2025-10-20T16:16:44+00:00","og_image":[{"url":"https:\/\/cheques-cadeaux-vendee-bocage.fr\/wp-content\/uploads\/2023\/10\/TETIERE-CHATAIGNERAIE-ACHETANTS-1.jpg"}],"twitter_card":"summary_large_image","twitter_misc":{"Dur\u00e9e de lecture estim\u00e9e":"3 minutes"},"schema":{"@context":"https:\/\/schema.org","@graph":[{"@type":"WebPage","@id":"https:\/\/www.cheques-cadeaux-vendee-bocage.fr\/index.php\/achetants-la-chataigneraie\/","url":"https:\/\/www.cheques-cadeaux-vendee-bocage.fr\/index.php\/achetants-la-chataigneraie\/","name":"Achetants La Ch\u00e2taigneraie - Ch\u00e8ques Cadeaux Vend\u00e9e Bocage","isPartOf":{"@id":"https:\/\/www.cheques-cadeaux-vendee-bocage.fr\/#website"},"datePublished":"2023-10-02T15:52:27+00:00","dateModified":"2025-10-20T16:16:44+00:00","description":"Achetants La Ch\u00e2taigneraie - Ch\u00e8ques Cadeaux Vend\u00e9e Bocage : d\u00e9couvrez tous les \u00e9l\u00e9ments graphiques et t\u00e9l\u00e9chargeables pour La Ch\u00e2taigneraie.","breadcrumb":{"@id":"https:\/\/www.cheques-cadeaux-vendee-bocage.fr\/index.php\/achetants-la-chataigneraie\/#breadcrumb"},"inLanguage":"fr-FR","potentialAction":[{"@type":"ReadAction","target":["https:\/\/www.cheques-cadeaux-vendee-bocage.fr\/index.php\/achetants-la-chataigneraie\/"]}]},{"@type":"BreadcrumbList","@id":"https:\/\/www.cheques-cadeaux-vendee-bocage.fr\/index.php\/achetants-la-chataigneraie\/#breadcrumb","itemListElement":[{"@type":"ListItem","position":1,"name":"Accueil","item":"https:\/\/www.cheques-cadeaux-vendee-bocage.fr\/"},{"@type":"ListItem","position":2,"name":"Achetants La Ch\u00e2taigneraie"}]},{"@type":"WebSite","@id":"https:\/\/www.cheques-cadeaux-vendee-bocage.fr\/#website","url":"https:\/\/www.cheques-cadeaux-vendee-bocage.fr\/","name":"Ch\u00e8ques Cadeaux Vend\u00e9e Bocage","description":"100% Local et Lien Social...","potentialAction":[{"@type":"SearchAction","target":{"@type":"EntryPoint","urlTemplate":"https:\/\/www.cheques-cadeaux-vendee-bocage.fr\/?s={search_term_string}"},"query-input":"required name=search_term_string"}],"inLanguage":"fr-FR"}]}},"_links":{"self":[{"href":"https:\/\/www.cheques-cadeaux-vendee-bocage.fr\/index.php\/wp-json\/wp\/v2\/pages\/197","targetHints":{"allow":["GET"]}}],"collection":[{"href":"https:\/\/www.cheques-cadeaux-vendee-bocage.fr\/index.php\/wp-json\/wp\/v2\/pages"}],"about":[{"href":"https:\/\/www.cheques-cadeaux-vendee-bocage.fr\/index.php\/wp-json\/wp\/v2\/types\/page"}],"author":[{"embeddable":true,"href":"https:\/\/www.cheques-cadeaux-vendee-bocage.fr\/index.php\/wp-json\/wp\/v2\/users\/1"}],"replies":[{"embeddable":true,"href":"https:\/\/www.cheques-cadeaux-vendee-bocage.fr\/index.php\/wp-json\/wp\/v2\/comments?post=197"}],"version-history":[{"count":37,"href":"https:\/\/www.cheques-cadeaux-vendee-bocage.fr\/index.php\/wp-json\/wp\/v2\/pages\/197\/revisions"}],"predecessor-version":[{"id":981,"href":"https:\/\/www.cheques-cadeaux-vendee-bocage.fr\/index.php\/wp-json\/wp\/v2\/pages\/197\/revisions\/981"}],"wp:attachment":[{"href":"https:\/\/www.cheques-cadeaux-vendee-bocage.fr\/index.php\/wp-json\/wp\/v2\/media?parent=197"}],"curies":[{"name":"wp","href":"https:\/\/api.w.org\/{rel}","templated":true}]}}